{"id":3062,"date":"2026-03-17T10:46:55","date_gmt":"2026-03-17T10:46:55","guid":{"rendered":"https:\/\/acovnak.com\/?post_type=product&#038;p=3062"},"modified":"2026-03-30T10:00:21","modified_gmt":"2026-03-30T10:00:21","slug":"renault-symbioz-techno-2025","status":"publish","type":"product","link":"https:\/\/acovnak.com\/index.php\/product\/renault-symbioz-techno-2025\/","title":{"rendered":"Renault Symbioz"},"content":{"rendered":"<p><strong>Tehni\u010dki podaci<\/strong><\/p>\n<div class=\"table-wrapper\">\n<table>\n<tbody>\n<tr>\n<td valign=\"top\">Snaga motora<\/td>\n<td>103 kW \/ 140 KS<\/td>\n<\/tr>\n<tr>\n<td valign=\"top\">Kubika\u017ea<\/td>\n<td>1.3<\/td>\n<\/tr>\n<tr>\n<td valign=\"top\">Godina proizvodnje<\/td>\n<td>2025<\/td>\n<\/tr>\n<tr>\n<td valign=\"top\"><span lang=\"en-US\">Pogonsko gorivo<\/span><\/td>\n<td>benzin<\/td>\n<\/tr>\n<tr>\n<td valign=\"top\">Euro standard<\/td>\n<td>Euro 6<\/td>\n<\/tr>\n<tr>\n<td valign=\"top\">Tip mjenja\u010da<\/td>\n<td>Automatik<\/td>\n<\/tr>\n<\/tbody>\n<\/table>\n<p><strong>Oprema<\/strong><\/p>\n<div class=\"table-wrapper\">\n<table>\n<tbody>\n<tr>\n<td valign=\"top\">Sigurnosni sustavi<\/td>\n<td>ABS, BAS (pomo\u0107 pri naglom ko\u010denju), ESP + pomo\u0107 pri kretanju na uzbrdici (HAS), ISOFIX, sustav za poziv u nu\u017edi, automatsko ko\u010denje s prepoznavanjem pje\u0161aka i biciklista, upozorenje na sigurnosni razmak, zra\u010dni jastuci (voza\u010d, suvoza\u010d, bo\u010dni i zavjesasti), mogu\u0107nost isklju\u010divanja suvoza\u010devog airbaga, upozorenje na nevezane pojaseve, sigurnosni pojasevi podesivi po visini, indikator promjene stupnja prijenosa, sustav za nadzor tlaka u gumama, funkcija ko\u010denja kod vi\u0161estrukih sudara<\/td>\n<\/tr>\n<tr>\n<td valign=\"top\">Napredni asistencijski sustavi<\/td>\n<td>\n<p data-start=\"561\" data-end=\"918\">Adaptivni tempomat (Stop&amp;Go), sustav za nadzor pozornosti voza\u010da, sustav za odr\u017eavanje vozila u traci, prepoznavanje prometnih znakova i upozorenje na brzinu, upozorenje na mrtvi kut i sprje\u010davanje napu\u0161tanja trake, sustav za siguran izlazak putnika, upozorenje na bo\u010dni promet, Multi-Sense, ECO na\u010din vo\u017enje<\/p>\n<\/td>\n<\/tr>\n<tr>\n<td valign=\"top\">Upravljanje i pristup<\/td>\n<td>Elektri\u010dno centralno zaklju\u010davanje, Renault kartica slobodne ruke, upravlja\u010d podesiv po visini i dubini, komande na upravlja\u010du za regenerativno ko\u010denje<\/td>\n<\/tr>\n<tr>\n<td valign=\"top\">Parkiranje i preglednost<\/td>\n<td>Prednji, stra\u017enji i bo\u010dni parking senzori, kamera za vo\u017enju unatrag, kamera 360\u00b0, automatska parkirna ko\u010dnica (Auto Hold), elektri\u010dno podesivi i grijani vanjski retrovizori (sklopivi), samozatamnjuju\u0107i unutra\u0161nji retrovizor, senzor ki\u0161e i automatsko uklju\u010divanje svjetala, automatska duga svjetla, osvjetljenje oko vozila<\/td>\n<\/tr>\n<tr>\n<td valign=\"top\">Infotainment i povezivost<\/td>\n<td>OpenR Link 10,4&#8243; s Arkamys ozvu\u010denjem, navigacijom i Google uslugama, 10&#8243; digitalni zaslon s instrumentima i navigacijom, Bluetooth, 4G povezivost, USB-C priklju\u010dci (prednji i zadnji), be\u017ei\u010dni punja\u010d, kartografija Europe<\/td>\n<\/tr>\n<tr>\n<td valign=\"top\">Dizajn i udobnost<\/td>\n<td>Automatski dvozonski klima ure\u0111aj, grijana prednja sjedala, grijano vjetrobransko staklo, grijani upravlja\u010d, ventilacija za putnike straga, ambijentalno osvjetljenje, LED svjetla (prednja, dnevna i stra\u017enja), dinami\u010dki pokaziva\u010di smjera, tonirana i zatamnjena stakla, aluminijski naplatci 18&#8243; Gravity, krovni nosa\u010di, sredi\u0161nji naslon za ruke, elektri\u010dni podiza\u010di stakala (prednji i zadnji), djeljiva stra\u017enja klupa (1\/3\u20132\/3), ru\u010dno zatamnjivi unutra\u0161nji retrovizor, sjenila s ogledalom i LED rasvjetom, shark antena, dodatno zatamnjena stra\u017enja stakla<\/td>\n<\/tr>\n<\/tbody>\n<\/table>\n<p><strong>Dodatna oprema<\/strong><\/p>\n<p>Karoserija u dvije boje \u2013 plava Mercure (TERRM), paket sigurnost, vo\u017enja i parkiranje (ACC, Lane Centering Assist, upozorenje mrtvog kuta, automatsko ko\u010denje unatrag, 360 kamera, pomo\u0107 pri parkiranju), komplet za popravak guma, uzdignuto dno prtlja\u017enika, pretinac za nao\u010dale, retrovizor za nadzor djece<\/p><\/div>\n<\/div>\n","protected":false},"excerpt":{"rendered":"<p>TECHNO TCE 140 EDC<\/p>\n","protected":false},"featured_media":3066,"comment_status":"closed","ping_status":"closed","template":"","meta":{"_acf_changed":false,"site-sidebar-layout":"right-sidebar","site-content-layout":"","ast-site-content-layout":"normal-width-container","site-content-style":"boxed","site-sidebar-style":"unboxed","ast-global-header-display":"","ast-banner-title-visibility":"","ast-main-header-display":"","ast-hfb-above-header-display":"","ast-hfb-below-header-display":"","ast-hfb-mobile-header-display":"","site-post-title":"","ast-breadcrumbs-content":"","ast-featured-img":"","footer-sml-layout":"","ast-disable-related-posts":"","theme-transparent-header-meta":"default","adv-header-id-meta":"","stick-header-meta":"","header-above-stick-meta":"","header-main-stick-meta":"","header-below-stick-meta":"","astra-migrate-meta-layouts":"set","ast-page-background-enabled":"default","ast-page-background-meta":{"desktop":{"background-color":"var(--ast-global-color-5)","background-image":"","background-repeat":"repeat","background-position":"center center","background-size":"auto","background-attachment":"scroll","background-type":"","background-media":"","overlay-type":"","overlay-color":"","overlay-opacity":"","overlay-gradient":""},"tablet":{"background-color":"","background-image":"","background-repeat":"repeat","background-position":"center center","background-size":"auto","background-attachment":"scroll","background-type":"","background-media":"","overlay-type":"","overlay-color":"","overlay-opacity":"","overlay-gradient":""},"mobile":{"background-color":"","background-image":"","background-repeat":"repeat","background-position":"center center","background-size":"auto","background-attachment":"scroll","background-type":"","background-media":"","overlay-type":"","overlay-color":"","overlay-opacity":"","overlay-gradient":""}},"ast-content-background-meta":{"desktop":{"background-color":"var(--ast-global-color-4)","background-image":"","background-repeat":"repeat","background-position":"center center","background-size":"auto","background-attachment":"scroll","background-type":"","background-media":"","overlay-type":"","overlay-color":"","overlay-opacity":"","overlay-gradient":""},"tablet":{"background-color":"var(--ast-global-color-4)","background-image":"","background-repeat":"repeat","background-position":"center center","background-size":"auto","background-attachment":"scroll","background-type":"","background-media":"","overlay-type":"","overlay-color":"","overlay-opacity":"","overlay-gradient":""},"mobile":{"background-color":"var(--ast-global-color-4)","background-image":"","background-repeat":"repeat","background-position":"center center","background-size":"auto","background-attachment":"scroll","background-type":"","background-media":"","overlay-type":"","overlay-color":"","overlay-opacity":"","overlay-gradient":""}}},"product_brand":[],"product_cat":[55,56],"product_tag":[49,45,53,57,46],"class_list":{"0":"post-3062","1":"product","2":"type-product","3":"status-publish","4":"has-post-thumbnail","6":"product_cat-renault","7":"product_cat-salonska-vozila-renault","8":"product_tag-ac-ovnak","9":"product_tag-automatik","10":"product_tag-benzin","11":"product_tag-renault","12":"product_tag-suv","13":"desktop-align-left","14":"tablet-align-left","15":"mobile-align-left","17":"first","18":"instock","19":"shipping-taxable","20":"purchasable","21":"product-type-simple"},"acf":[],"yoast_head":"<!-- This site is optimized with the Yoast SEO plugin v27.3 - https:\/\/yoast.com\/product\/yoast-seo-wordpress\/ -->\n<title>Renault Symbioz 2025 TCE 140 EDC - Novi SUV BiH | AC Ovnak<\/title>\n<meta name=\"description\" content=\"Renault Symbioz Techno 2025 TCE 140 EDC - SUV s automatskim mjenja\u010dem, LED svjetla, navigacija, 360 kamera i bogata oprema. Dostupan u AC Ovnak Vitez.\" \/>\n<meta name=\"robots\" content=\"index, follow, max-snippet:-1, max-image-preview:large, max-video-preview:-1\" \/>\n<link rel=\"canonical\" href=\"https:\/\/acovnak.com\/index.php\/product\/renault-symbioz-techno-2025\/\" \/>\n<meta property=\"og:locale\" content=\"en_US\" \/>\n<meta property=\"og:type\" content=\"article\" \/>\n<meta property=\"og:title\" content=\"Renault Symbioz 2025 TCE 140 EDC - Novi SUV BiH | AC Ovnak\" \/>\n<meta property=\"og:description\" content=\"Renault Symbioz Techno 2025 TCE 140 EDC - SUV s automatskim mjenja\u010dem, LED svjetla, navigacija, 360 kamera i bogata oprema. Dostupan u AC Ovnak Vitez.\" \/>\n<meta property=\"og:url\" content=\"https:\/\/acovnak.com\/index.php\/product\/renault-symbioz-techno-2025\/\" \/>\n<meta property=\"og:site_name\" content=\"AC Ovnak\" \/>\n<meta property=\"article:modified_time\" content=\"2026-03-30T10:00:21+00:00\" \/>\n<meta property=\"og:image\" content=\"https:\/\/mlzqr9sz3jli.i.optimole.com\/cb:0gPR.28e\/w:auto\/h:auto\/q:mauto\/f:best\/https:\/\/acovnak.com\/wp-content\/uploads\/2026\/03\/WhatsApp-Image-2026-03-30-at-11.37.50.jpeg\" \/>\n\t<meta property=\"og:image:width\" content=\"1024\" \/>\n\t<meta property=\"og:image:height\" content=\"768\" \/>\n\t<meta property=\"og:image:type\" content=\"image\/jpeg\" \/>\n<meta name=\"twitter:card\" content=\"summary_large_image\" \/>\n<meta name=\"twitter:label1\" content=\"Est. reading time\" \/>\n\t<meta name=\"twitter:data1\" content=\"2 minutes\" \/>\n<script type=\"application\/ld+json\" class=\"yoast-schema-graph\">{\"@context\":\"https:\\\/\\\/schema.org\",\"@graph\":[{\"@type\":\"WebPage\",\"@id\":\"https:\\\/\\\/acovnak.com\\\/index.php\\\/product\\\/renault-symbioz-techno-2025\\\/\",\"url\":\"https:\\\/\\\/acovnak.com\\\/index.php\\\/product\\\/renault-symbioz-techno-2025\\\/\",\"name\":\"Renault Symbioz 2025 TCE 140 EDC - Novi SUV BiH | AC Ovnak\",\"isPartOf\":{\"@id\":\"https:\\\/\\\/acovnak.com\\\/#website\"},\"primaryImageOfPage\":{\"@id\":\"https:\\\/\\\/acovnak.com\\\/index.php\\\/product\\\/renault-symbioz-techno-2025\\\/#primaryimage\"},\"image\":{\"@id\":\"https:\\\/\\\/acovnak.com\\\/index.php\\\/product\\\/renault-symbioz-techno-2025\\\/#primaryimage\"},\"thumbnailUrl\":\"https:\\/\\/acovnak.com\\/wp-content\\/uploads\\/2026\\/03\\/WhatsApp-Image-2026-03-30-at-11.37.50.jpeg\",\"datePublished\":\"2026-03-17T10:46:55+00:00\",\"dateModified\":\"2026-03-30T10:00:21+00:00\",\"description\":\"Renault Symbioz Techno 2025 TCE 140 EDC - SUV s automatskim mjenja\u010dem, LED svjetla, navigacija, 360 kamera i bogata oprema. Dostupan u AC Ovnak Vitez.\",\"breadcrumb\":{\"@id\":\"https:\\\/\\\/acovnak.com\\\/index.php\\\/product\\\/renault-symbioz-techno-2025\\\/#breadcrumb\"},\"inLanguage\":\"en-US\",\"potentialAction\":[{\"@type\":\"ReadAction\",\"target\":[\"https:\\\/\\\/acovnak.com\\\/index.php\\\/product\\\/renault-symbioz-techno-2025\\\/\"]}]},{\"@type\":\"ImageObject\",\"inLanguage\":\"en-US\",\"@id\":\"https:\\\/\\\/acovnak.com\\\/index.php\\\/product\\\/renault-symbioz-techno-2025\\\/#primaryimage\",\"url\":\"https:\\/\\/acovnak.com\\/wp-content\\/uploads\\/2026\\/03\\/WhatsApp-Image-2026-03-30-at-11.37.50.jpeg\",\"contentUrl\":\"https:\\/\\/acovnak.com\\/wp-content\\/uploads\\/2026\\/03\\/WhatsApp-Image-2026-03-30-at-11.37.50.jpeg\",\"width\":1024,\"height\":768},{\"@type\":\"BreadcrumbList\",\"@id\":\"https:\\\/\\\/acovnak.com\\\/index.php\\\/product\\\/renault-symbioz-techno-2025\\\/#breadcrumb\",\"itemListElement\":[{\"@type\":\"ListItem\",\"position\":1,\"name\":\"Home\",\"item\":\"https:\\\/\\\/acovnak.com\\\/\"},{\"@type\":\"ListItem\",\"position\":2,\"name\":\"Products\",\"item\":\"https:\\\/\\\/acovnak.com\\\/index.php\\\/shop__trashed\\\/\"},{\"@type\":\"ListItem\",\"position\":3,\"name\":\"Renault Symbioz\"}]},{\"@type\":\"WebSite\",\"@id\":\"https:\\\/\\\/acovnak.com\\\/#website\",\"url\":\"https:\\\/\\\/acovnak.com\\\/\",\"name\":\"AC Ovnak\",\"description\":\"\",\"publisher\":{\"@id\":\"https:\\\/\\\/acovnak.com\\\/#organization\"},\"potentialAction\":[{\"@type\":\"SearchAction\",\"target\":{\"@type\":\"EntryPoint\",\"urlTemplate\":\"https:\\\/\\\/acovnak.com\\\/?s={search_term_string}\"},\"query-input\":{\"@type\":\"PropertyValueSpecification\",\"valueRequired\":true,\"valueName\":\"search_term_string\"}}],\"inLanguage\":\"en-US\"},{\"@type\":\"Organization\",\"@id\":\"https:\\\/\\\/acovnak.com\\\/#organization\",\"name\":\"AC Ovnak\",\"url\":\"https:\\\/\\\/acovnak.com\\\/\",\"logo\":{\"@type\":\"ImageObject\",\"inLanguage\":\"en-US\",\"@id\":\"https:\\\/\\\/acovnak.com\\\/#\\\/schema\\\/logo\\\/image\\\/\",\"url\":\"https:\\/\\/acovnak.com\\/wp-content\\/uploads\\/2025\\/06\\/Ovnak-auto-centar-crveni.png\",\"contentUrl\":\"https:\\/\\/acovnak.com\\/wp-content\\/uploads\\/2025\\/06\\/Ovnak-auto-centar-crveni.png\",\"width\":1726,\"height\":321,\"caption\":\"AC Ovnak\"},\"image\":{\"@id\":\"https:\\\/\\\/acovnak.com\\\/#\\\/schema\\\/logo\\\/image\\\/\"}}]}<\/script>\n<!-- \/ Yoast SEO plugin. -->","yoast_head_json":{"title":"Renault Symbioz 2025 TCE 140 EDC - Novi SUV BiH | AC Ovnak","description":"Renault Symbioz Techno 2025 TCE 140 EDC - SUV s automatskim mjenja\u010dem, LED svjetla, navigacija, 360 kamera i bogata oprema. Dostupan u AC Ovnak Vitez.","robots":{"index":"index","follow":"follow","max-snippet":"max-snippet:-1","max-image-preview":"max-image-preview:large","max-video-preview":"max-video-preview:-1"},"canonical":"https:\/\/acovnak.com\/index.php\/product\/renault-symbioz-techno-2025\/","og_locale":"en_US","og_type":"article","og_title":"Renault Symbioz 2025 TCE 140 EDC - Novi SUV BiH | AC Ovnak","og_description":"Renault Symbioz Techno 2025 TCE 140 EDC - SUV s automatskim mjenja\u010dem, LED svjetla, navigacija, 360 kamera i bogata oprema. Dostupan u AC Ovnak Vitez.","og_url":"https:\/\/acovnak.com\/index.php\/product\/renault-symbioz-techno-2025\/","og_site_name":"AC Ovnak","article_modified_time":"2026-03-30T10:00:21+00:00","og_image":[{"width":1024,"height":768,"url":"https:\/\/mlzqr9sz3jli.i.optimole.com\/cb:0gPR.28e\/w:auto\/h:auto\/q:mauto\/f:best\/https:\/\/acovnak.com\/wp-content\/uploads\/2026\/03\/WhatsApp-Image-2026-03-30-at-11.37.50.jpeg","type":"image\/jpeg"}],"twitter_card":"summary_large_image","twitter_misc":{"Est. reading time":"2 minutes"},"schema":{"@context":"https:\/\/schema.org","@graph":[{"@type":"WebPage","@id":"https:\/\/acovnak.com\/index.php\/product\/renault-symbioz-techno-2025\/","url":"https:\/\/acovnak.com\/index.php\/product\/renault-symbioz-techno-2025\/","name":"Renault Symbioz 2025 TCE 140 EDC - Novi SUV BiH | AC Ovnak","isPartOf":{"@id":"https:\/\/acovnak.com\/#website"},"primaryImageOfPage":{"@id":"https:\/\/acovnak.com\/index.php\/product\/renault-symbioz-techno-2025\/#primaryimage"},"image":{"@id":"https:\/\/acovnak.com\/index.php\/product\/renault-symbioz-techno-2025\/#primaryimage"},"thumbnailUrl":"https:\/\/mlzqr9sz3jli.i.optimole.com\/cb:0gPR.28e\/w:auto\/h:auto\/q:mauto\/f:best\/https:\/\/acovnak.com\/wp-content\/uploads\/2026\/03\/WhatsApp-Image-2026-03-30-at-11.37.50.jpeg","datePublished":"2026-03-17T10:46:55+00:00","dateModified":"2026-03-30T10:00:21+00:00","description":"Renault Symbioz Techno 2025 TCE 140 EDC - SUV s automatskim mjenja\u010dem, LED svjetla, navigacija, 360 kamera i bogata oprema. Dostupan u AC Ovnak Vitez.","breadcrumb":{"@id":"https:\/\/acovnak.com\/index.php\/product\/renault-symbioz-techno-2025\/#breadcrumb"},"inLanguage":"en-US","potentialAction":[{"@type":"ReadAction","target":["https:\/\/acovnak.com\/index.php\/product\/renault-symbioz-techno-2025\/"]}]},{"@type":"ImageObject","inLanguage":"en-US","@id":"https:\/\/acovnak.com\/index.php\/product\/renault-symbioz-techno-2025\/#primaryimage","url":"https:\/\/mlzqr9sz3jli.i.optimole.com\/cb:0gPR.28e\/w:auto\/h:auto\/q:mauto\/f:best\/https:\/\/acovnak.com\/wp-content\/uploads\/2026\/03\/WhatsApp-Image-2026-03-30-at-11.37.50.jpeg","contentUrl":"https:\/\/mlzqr9sz3jli.i.optimole.com\/cb:0gPR.28e\/w:auto\/h:auto\/q:mauto\/f:best\/https:\/\/acovnak.com\/wp-content\/uploads\/2026\/03\/WhatsApp-Image-2026-03-30-at-11.37.50.jpeg","width":1024,"height":768},{"@type":"BreadcrumbList","@id":"https:\/\/acovnak.com\/index.php\/product\/renault-symbioz-techno-2025\/#breadcrumb","itemListElement":[{"@type":"ListItem","position":1,"name":"Home","item":"https:\/\/acovnak.com\/"},{"@type":"ListItem","position":2,"name":"Products","item":"https:\/\/acovnak.com\/index.php\/shop__trashed\/"},{"@type":"ListItem","position":3,"name":"Renault Symbioz"}]},{"@type":"WebSite","@id":"https:\/\/acovnak.com\/#website","url":"https:\/\/acovnak.com\/","name":"AC Ovnak","description":"","publisher":{"@id":"https:\/\/acovnak.com\/#organization"},"potentialAction":[{"@type":"SearchAction","target":{"@type":"EntryPoint","urlTemplate":"https:\/\/acovnak.com\/?s={search_term_string}"},"query-input":{"@type":"PropertyValueSpecification","valueRequired":true,"valueName":"search_term_string"}}],"inLanguage":"en-US"},{"@type":"Organization","@id":"https:\/\/acovnak.com\/#organization","name":"AC Ovnak","url":"https:\/\/acovnak.com\/","logo":{"@type":"ImageObject","inLanguage":"en-US","@id":"https:\/\/acovnak.com\/#\/schema\/logo\/image\/","url":"https:\/\/mlzqr9sz3jli.i.optimole.com\/cb:0gPR.28e\/w:auto\/h:auto\/q:mauto\/f:best\/https:\/\/acovnak.com\/wp-content\/uploads\/2025\/06\/Ovnak-auto-centar-crveni.png","contentUrl":"https:\/\/mlzqr9sz3jli.i.optimole.com\/cb:0gPR.28e\/w:auto\/h:auto\/q:mauto\/f:best\/https:\/\/acovnak.com\/wp-content\/uploads\/2025\/06\/Ovnak-auto-centar-crveni.png","width":1726,"height":321,"caption":"AC Ovnak"},"image":{"@id":"https:\/\/acovnak.com\/#\/schema\/logo\/image\/"}}]}},"_links":{"self":[{"href":"https:\/\/acovnak.com\/index.php\/wp-json\/wp\/v2\/product\/3062","targetHints":{"allow":["GET"]}}],"collection":[{"href":"https:\/\/acovnak.com\/index.php\/wp-json\/wp\/v2\/product"}],"about":[{"href":"https:\/\/acovnak.com\/index.php\/wp-json\/wp\/v2\/types\/product"}],"replies":[{"embeddable":true,"href":"https:\/\/acovnak.com\/index.php\/wp-json\/wp\/v2\/comments?post=3062"}],"wp:featuredmedia":[{"embeddable":true,"href":"https:\/\/acovnak.com\/index.php\/wp-json\/wp\/v2\/media\/3066"}],"wp:attachment":[{"href":"https:\/\/acovnak.com\/index.php\/wp-json\/wp\/v2\/media?parent=3062"}],"wp:term":[{"taxonomy":"product_brand","embeddable":true,"href":"https:\/\/acovnak.com\/index.php\/wp-json\/wp\/v2\/product_brand?post=3062"},{"taxonomy":"product_cat","embeddable":true,"href":"https:\/\/acovnak.com\/index.php\/wp-json\/wp\/v2\/product_cat?post=3062"},{"taxonomy":"product_tag","embeddable":true,"href":"https:\/\/acovnak.com\/index.php\/wp-json\/wp\/v2\/product_tag?post=3062"}],"curies":[{"name":"wp","href":"https:\/\/api.w.org\/{rel}","templated":true}]}}