{"id":3060,"date":"2026-03-17T10:24:38","date_gmt":"2026-03-17T10:24:38","guid":{"rendered":"https:\/\/acovnak.com\/?post_type=product&#038;p=3060"},"modified":"2026-03-17T10:45:51","modified_gmt":"2026-03-17T10:45:51","slug":"renault-austral-hybrid-2025-automatik","status":"publish","type":"product","link":"https:\/\/acovnak.com\/index.php\/product\/renault-austral-hybrid-2025-automatik\/","title":{"rendered":"Renault Austral SUV Hybrid Techno"},"content":{"rendered":"<p><strong>Tehni\u010dki podaci<\/strong><\/p>\n<div class=\"table-wrapper\">\n<table>\n<tbody>\n<tr>\n<td valign=\"top\">Snaga motora<\/td>\n<td>110 kW \/ 110 KS<\/td>\n<\/tr>\n<tr>\n<td valign=\"top\">Kubika\u017ea<\/td>\n<td>1.3<\/td>\n<\/tr>\n<tr>\n<td valign=\"top\">Godina proizvodnje<\/td>\n<td>2025<\/td>\n<\/tr>\n<tr>\n<td valign=\"top\"><span lang=\"en-US\">Pogonsko gorivo<\/span><\/td>\n<td>benzin<\/td>\n<\/tr>\n<tr>\n<td valign=\"top\">Euro standard<\/td>\n<td>Euro 6<\/td>\n<\/tr>\n<tr>\n<td valign=\"top\">Tip mjenja\u010da<\/td>\n<td>Automatik<\/td>\n<\/tr>\n<\/tbody>\n<\/table>\n<p><strong>Oprema<\/strong><\/p>\n<div class=\"table-wrapper\">\n<table>\n<tbody>\n<tr>\n<td valign=\"top\">Sigurnosni sustavi<\/td>\n<td>ABS, zra\u010dni jastuci (voza\u010d, suvoza\u010d, bo\u010dni i zavjesasti), mogu\u0107nost isklju\u010divanja suvoza\u010devog airbaga, upozorenje na nevezane pojaseve (sva sjedala), sigurnosni pojasevi podesivi po visini, ISOFIX, sustav za nadzor tlaka u gumama, upozorenje na prekora\u010denje brzine, upozorenje na sigurnosni razmak, sustav za poziv u nu\u017edi, funkcija ko\u010denja kod vi\u0161estrukih sudara<\/td>\n<\/tr>\n<tr>\n<td valign=\"top\">Napredni asistencijski sustavi<\/td>\n<td>\n<p data-start=\"561\" data-end=\"918\">Adaptivni tempomat (Stop&amp;Go), napredni sustav automatskog ko\u010denja, sustav pomo\u0107i pri naglom ko\u010denju, sustav za odr\u017eavanje vozila u traci, nadzor mrtvog kuta, upozorenje na bo\u010dni promet, sustav za siguran izlazak putnika, sustav za nadzor pozornosti voza\u010da, pomo\u0107 pri kretanju na uzbrdici, Multi-Sense, ECO na\u010din vo\u017enje<\/p>\n<\/td>\n<\/tr>\n<tr>\n<td valign=\"top\">Upravljanje i pristup<\/td>\n<td>Elektri\u010dno centralno zaklju\u010davanje, Renault kartica \u201cSlobodne ruke\u201d, upravlja\u010d podesiv po visini i dubini, komande na upravlja\u010du, grijani upravlja\u010d (paket zima), obloga upravlja\u010da imitacija ko\u017ee<\/td>\n<\/tr>\n<tr>\n<td valign=\"top\">Parkiranje i preglednost<\/td>\n<td>Prednji, stra\u017enji i bo\u010dni parking senzori, digitalna kamera za vo\u017enju unatrag, automatska parkirna ko\u010dnica (Auto Hold), elektri\u010dni i grijani retrovizori, samozatamnjuju\u0107i unutra\u0161nji retrovizor, senzor ki\u0161e i svjetla, automatska duga svjetla<\/td>\n<\/tr>\n<tr>\n<td valign=\"top\">Infotainment i povezivost<\/td>\n<td>12\u201d digitalna instrument tabla, OpenR Link 12\u201d sistem s navigacijom i Google uslugama, Arkamys Auditorium zvu\u010dni sistem, Bluetooth, USB-C priklju\u010dci (naprijed i nazad), 4G povezivost, be\u017ei\u010dni punja\u010d, kartografija<\/td>\n<\/tr>\n<tr>\n<td valign=\"top\">Dizajn i udobnost<\/td>\n<td>Dvozonska automatska klima, grijana prednja sjedala, grijano vjetrobransko staklo, ventilacija za zadnja sjedala, ambijentalno osvjetljenje, zatamnjena stakla, tonirana stakla, krovni nosa\u010di, 19\u201d alu felge, LED svjetla (prednja, dnevna, stra\u017enja), dinami\u010dki pokaziva\u010di smjera, sredi\u0161nji naslon za ruku, podiza\u010di stakala elektri\u010dni, djeljiva zadnja klupa<\/td>\n<\/tr>\n<\/tbody>\n<\/table>\n<p><strong>Dodatna oprema<\/strong><\/p>\n<div class=\"table-wrapper\">\n<table>\n<tbody>\n<tr>\n<td valign=\"top\">Karoserija u dvije boje (plava Naxos + crni krov), paket zima (grijana sjedala, grijanje stakla, grijani volan), paket rezervnog kota\u010da (rezervni to\u010dak + duplo dno, pretinac za nao\u010dale, retrovizor za nadzor djece<\/td>\n<\/tr>\n<\/tbody>\n<\/table>\n<\/div>\n<\/div>\n<\/div>\n","protected":false},"excerpt":{"rendered":"<p>TECHNO MILD HYBRID 150 AUTO<\/p>\n","protected":false},"featured_media":3055,"comment_status":"closed","ping_status":"closed","template":"","meta":{"_acf_changed":false,"site-sidebar-layout":"right-sidebar","site-content-layout":"","ast-site-content-layout":"normal-width-container","site-content-style":"boxed","site-sidebar-style":"unboxed","ast-global-header-display":"","ast-banner-title-visibility":"","ast-main-header-display":"","ast-hfb-above-header-display":"","ast-hfb-below-header-display":"","ast-hfb-mobile-header-display":"","site-post-title":"","ast-breadcrumbs-content":"","ast-featured-img":"","footer-sml-layout":"","ast-disable-related-posts":"","theme-transparent-header-meta":"default","adv-header-id-meta":"","stick-header-meta":"","header-above-stick-meta":"","header-main-stick-meta":"","header-below-stick-meta":"","astra-migrate-meta-layouts":"set","ast-page-background-enabled":"default","ast-page-background-meta":{"desktop":{"background-color":"var(--ast-global-color-5)","background-image":"","background-repeat":"repeat","background-position":"center center","background-size":"auto","background-attachment":"scroll","background-type":"","background-media":"","overlay-type":"","overlay-color":"","overlay-opacity":"","overlay-gradient":""},"tablet":{"background-color":"","background-image":"","background-repeat":"repeat","background-position":"center center","background-size":"auto","background-attachment":"scroll","background-type":"","background-media":"","overlay-type":"","overlay-color":"","overlay-opacity":"","overlay-gradient":""},"mobile":{"background-color":"","background-image":"","background-repeat":"repeat","background-position":"center center","background-size":"auto","background-attachment":"scroll","background-type":"","background-media":"","overlay-type":"","overlay-color":"","overlay-opacity":"","overlay-gradient":""}},"ast-content-background-meta":{"desktop":{"background-color":"var(--ast-global-color-4)","background-image":"","background-repeat":"repeat","background-position":"center center","background-size":"auto","background-attachment":"scroll","background-type":"","background-media":"","overlay-type":"","overlay-color":"","overlay-opacity":"","overlay-gradient":""},"tablet":{"background-color":"var(--ast-global-color-4)","background-image":"","background-repeat":"repeat","background-position":"center center","background-size":"auto","background-attachment":"scroll","background-type":"","background-media":"","overlay-type":"","overlay-color":"","overlay-opacity":"","overlay-gradient":""},"mobile":{"background-color":"var(--ast-global-color-4)","background-image":"","background-repeat":"repeat","background-position":"center center","background-size":"auto","background-attachment":"scroll","background-type":"","background-media":"","overlay-type":"","overlay-color":"","overlay-opacity":"","overlay-gradient":""}}},"product_brand":[],"product_cat":[55,56],"product_tag":[49,45,47,57,46],"class_list":{"0":"post-3060","1":"product","2":"type-product","3":"status-publish","4":"has-post-thumbnail","6":"product_cat-renault","7":"product_cat-salonska-vozila-renault","8":"product_tag-ac-ovnak","9":"product_tag-automatik","10":"product_tag-hybrid","11":"product_tag-renault","12":"product_tag-suv","13":"desktop-align-left","14":"tablet-align-left","15":"mobile-align-left","17":"first","18":"instock","19":"shipping-taxable","20":"purchasable","21":"product-type-simple"},"acf":[],"yoast_head":"<!-- This site is optimized with the Yoast SEO plugin v27.3 - https:\/\/yoast.com\/product\/yoast-seo-wordpress\/ -->\n<title>Renault Austral Hybrid 2025 Automatik \u2013 Novi SUV BiH | AC Ovnak<\/title>\n<meta name=\"description\" content=\"Renault SUV Hybrid 2025 Techno \u2013 bogata oprema, adaptivni tempomat, 360 senzori, LED svjetla, 12\u201d ekran i grijana sjedala. Dostupan odmah u AC Ovnak Vitez\" \/>\n<meta name=\"robots\" content=\"index, follow, max-snippet:-1, max-image-preview:large, max-video-preview:-1\" \/>\n<link rel=\"canonical\" href=\"https:\/\/acovnak.com\/index.php\/product\/renault-austral-hybrid-2025-automatik\/\" \/>\n<meta property=\"og:locale\" content=\"en_US\" \/>\n<meta property=\"og:type\" content=\"article\" \/>\n<meta property=\"og:title\" content=\"Renault Austral Hybrid 2025 Automatik \u2013 Novi SUV BiH | AC Ovnak\" \/>\n<meta property=\"og:description\" content=\"Renault SUV Hybrid 2025 Techno \u2013 bogata oprema, adaptivni tempomat, 360 senzori, LED svjetla, 12\u201d ekran i grijana sjedala. Dostupan odmah u AC Ovnak Vitez\" \/>\n<meta property=\"og:url\" content=\"https:\/\/acovnak.com\/index.php\/product\/renault-austral-hybrid-2025-automatik\/\" \/>\n<meta property=\"og:site_name\" content=\"AC Ovnak\" \/>\n<meta property=\"article:modified_time\" content=\"2026-03-17T10:45:51+00:00\" \/>\n<meta property=\"og:image\" content=\"https:\/\/mlzqr9sz3jli.i.optimole.com\/cb:0gPR.28e\/w:auto\/h:auto\/q:mauto\/f:best\/https:\/\/acovnak.com\/wp-content\/uploads\/2026\/03\/austral-e-tech-full-hybrid-iconic-1.webp\" \/>\n\t<meta property=\"og:image:width\" content=\"400\" \/>\n\t<meta property=\"og:image:height\" content=\"250\" \/>\n\t<meta property=\"og:image:type\" content=\"image\/webp\" \/>\n<meta name=\"twitter:card\" content=\"summary_large_image\" \/>\n<meta name=\"twitter:label1\" content=\"Est. reading time\" \/>\n\t<meta name=\"twitter:data1\" content=\"2 minutes\" \/>\n<script type=\"application\/ld+json\" class=\"yoast-schema-graph\">{\"@context\":\"https:\\\/\\\/schema.org\",\"@graph\":[{\"@type\":\"WebPage\",\"@id\":\"https:\\\/\\\/acovnak.com\\\/index.php\\\/product\\\/renault-austral-hybrid-2025-automatik\\\/\",\"url\":\"https:\\\/\\\/acovnak.com\\\/index.php\\\/product\\\/renault-austral-hybrid-2025-automatik\\\/\",\"name\":\"Renault Austral Hybrid 2025 Automatik \u2013 Novi SUV BiH | AC Ovnak\",\"isPartOf\":{\"@id\":\"https:\\\/\\\/acovnak.com\\\/#website\"},\"primaryImageOfPage\":{\"@id\":\"https:\\\/\\\/acovnak.com\\\/index.php\\\/product\\\/renault-austral-hybrid-2025-automatik\\\/#primaryimage\"},\"image\":{\"@id\":\"https:\\\/\\\/acovnak.com\\\/index.php\\\/product\\\/renault-austral-hybrid-2025-automatik\\\/#primaryimage\"},\"thumbnailUrl\":\"https:\\/\\/acovnak.com\\/wp-content\\/uploads\\/2026\\/03\\/austral-e-tech-full-hybrid-iconic-1.webp\",\"datePublished\":\"2026-03-17T10:24:38+00:00\",\"dateModified\":\"2026-03-17T10:45:51+00:00\",\"description\":\"Renault SUV Hybrid 2025 Techno \u2013 bogata oprema, adaptivni tempomat, 360 senzori, LED svjetla, 12\u201d ekran i grijana sjedala. Dostupan odmah u AC Ovnak Vitez\",\"breadcrumb\":{\"@id\":\"https:\\\/\\\/acovnak.com\\\/index.php\\\/product\\\/renault-austral-hybrid-2025-automatik\\\/#breadcrumb\"},\"inLanguage\":\"en-US\",\"potentialAction\":[{\"@type\":\"ReadAction\",\"target\":[\"https:\\\/\\\/acovnak.com\\\/index.php\\\/product\\\/renault-austral-hybrid-2025-automatik\\\/\"]}]},{\"@type\":\"ImageObject\",\"inLanguage\":\"en-US\",\"@id\":\"https:\\\/\\\/acovnak.com\\\/index.php\\\/product\\\/renault-austral-hybrid-2025-automatik\\\/#primaryimage\",\"url\":\"https:\\/\\/acovnak.com\\/wp-content\\/uploads\\/2026\\/03\\/austral-e-tech-full-hybrid-iconic-1.webp\",\"contentUrl\":\"https:\\/\\/acovnak.com\\/wp-content\\/uploads\\/2026\\/03\\/austral-e-tech-full-hybrid-iconic-1.webp\",\"width\":400,\"height\":250},{\"@type\":\"BreadcrumbList\",\"@id\":\"https:\\\/\\\/acovnak.com\\\/index.php\\\/product\\\/renault-austral-hybrid-2025-automatik\\\/#breadcrumb\",\"itemListElement\":[{\"@type\":\"ListItem\",\"position\":1,\"name\":\"Home\",\"item\":\"https:\\\/\\\/acovnak.com\\\/\"},{\"@type\":\"ListItem\",\"position\":2,\"name\":\"Products\",\"item\":\"https:\\\/\\\/acovnak.com\\\/index.php\\\/shop__trashed\\\/\"},{\"@type\":\"ListItem\",\"position\":3,\"name\":\"Renault Austral SUV Hybrid Techno\"}]},{\"@type\":\"WebSite\",\"@id\":\"https:\\\/\\\/acovnak.com\\\/#website\",\"url\":\"https:\\\/\\\/acovnak.com\\\/\",\"name\":\"AC Ovnak\",\"description\":\"\",\"publisher\":{\"@id\":\"https:\\\/\\\/acovnak.com\\\/#organization\"},\"potentialAction\":[{\"@type\":\"SearchAction\",\"target\":{\"@type\":\"EntryPoint\",\"urlTemplate\":\"https:\\\/\\\/acovnak.com\\\/?s={search_term_string}\"},\"query-input\":{\"@type\":\"PropertyValueSpecification\",\"valueRequired\":true,\"valueName\":\"search_term_string\"}}],\"inLanguage\":\"en-US\"},{\"@type\":\"Organization\",\"@id\":\"https:\\\/\\\/acovnak.com\\\/#organization\",\"name\":\"AC Ovnak\",\"url\":\"https:\\\/\\\/acovnak.com\\\/\",\"logo\":{\"@type\":\"ImageObject\",\"inLanguage\":\"en-US\",\"@id\":\"https:\\\/\\\/acovnak.com\\\/#\\\/schema\\\/logo\\\/image\\\/\",\"url\":\"https:\\/\\/acovnak.com\\/wp-content\\/uploads\\/2025\\/06\\/Ovnak-auto-centar-crveni.png\",\"contentUrl\":\"https:\\/\\/acovnak.com\\/wp-content\\/uploads\\/2025\\/06\\/Ovnak-auto-centar-crveni.png\",\"width\":1726,\"height\":321,\"caption\":\"AC Ovnak\"},\"image\":{\"@id\":\"https:\\\/\\\/acovnak.com\\\/#\\\/schema\\\/logo\\\/image\\\/\"}}]}<\/script>\n<!-- \/ Yoast SEO plugin. -->","yoast_head_json":{"title":"Renault Austral Hybrid 2025 Automatik \u2013 Novi SUV BiH | AC Ovnak","description":"Renault SUV Hybrid 2025 Techno \u2013 bogata oprema, adaptivni tempomat, 360 senzori, LED svjetla, 12\u201d ekran i grijana sjedala. Dostupan odmah u AC Ovnak Vitez","robots":{"index":"index","follow":"follow","max-snippet":"max-snippet:-1","max-image-preview":"max-image-preview:large","max-video-preview":"max-video-preview:-1"},"canonical":"https:\/\/acovnak.com\/index.php\/product\/renault-austral-hybrid-2025-automatik\/","og_locale":"en_US","og_type":"article","og_title":"Renault Austral Hybrid 2025 Automatik \u2013 Novi SUV BiH | AC Ovnak","og_description":"Renault SUV Hybrid 2025 Techno \u2013 bogata oprema, adaptivni tempomat, 360 senzori, LED svjetla, 12\u201d ekran i grijana sjedala. Dostupan odmah u AC Ovnak Vitez","og_url":"https:\/\/acovnak.com\/index.php\/product\/renault-austral-hybrid-2025-automatik\/","og_site_name":"AC Ovnak","article_modified_time":"2026-03-17T10:45:51+00:00","og_image":[{"width":400,"height":250,"url":"https:\/\/mlzqr9sz3jli.i.optimole.com\/cb:0gPR.28e\/w:auto\/h:auto\/q:mauto\/f:best\/https:\/\/acovnak.com\/wp-content\/uploads\/2026\/03\/austral-e-tech-full-hybrid-iconic-1.webp","type":"image\/webp"}],"twitter_card":"summary_large_image","twitter_misc":{"Est. reading time":"2 minutes"},"schema":{"@context":"https:\/\/schema.org","@graph":[{"@type":"WebPage","@id":"https:\/\/acovnak.com\/index.php\/product\/renault-austral-hybrid-2025-automatik\/","url":"https:\/\/acovnak.com\/index.php\/product\/renault-austral-hybrid-2025-automatik\/","name":"Renault Austral Hybrid 2025 Automatik \u2013 Novi SUV BiH | AC Ovnak","isPartOf":{"@id":"https:\/\/acovnak.com\/#website"},"primaryImageOfPage":{"@id":"https:\/\/acovnak.com\/index.php\/product\/renault-austral-hybrid-2025-automatik\/#primaryimage"},"image":{"@id":"https:\/\/acovnak.com\/index.php\/product\/renault-austral-hybrid-2025-automatik\/#primaryimage"},"thumbnailUrl":"https:\/\/mlzqr9sz3jli.i.optimole.com\/cb:0gPR.28e\/w:auto\/h:auto\/q:mauto\/f:best\/https:\/\/acovnak.com\/wp-content\/uploads\/2026\/03\/austral-e-tech-full-hybrid-iconic-1.webp","datePublished":"2026-03-17T10:24:38+00:00","dateModified":"2026-03-17T10:45:51+00:00","description":"Renault SUV Hybrid 2025 Techno \u2013 bogata oprema, adaptivni tempomat, 360 senzori, LED svjetla, 12\u201d ekran i grijana sjedala. Dostupan odmah u AC Ovnak Vitez","breadcrumb":{"@id":"https:\/\/acovnak.com\/index.php\/product\/renault-austral-hybrid-2025-automatik\/#breadcrumb"},"inLanguage":"en-US","potentialAction":[{"@type":"ReadAction","target":["https:\/\/acovnak.com\/index.php\/product\/renault-austral-hybrid-2025-automatik\/"]}]},{"@type":"ImageObject","inLanguage":"en-US","@id":"https:\/\/acovnak.com\/index.php\/product\/renault-austral-hybrid-2025-automatik\/#primaryimage","url":"https:\/\/mlzqr9sz3jli.i.optimole.com\/cb:0gPR.28e\/w:auto\/h:auto\/q:mauto\/f:best\/https:\/\/acovnak.com\/wp-content\/uploads\/2026\/03\/austral-e-tech-full-hybrid-iconic-1.webp","contentUrl":"https:\/\/mlzqr9sz3jli.i.optimole.com\/cb:0gPR.28e\/w:auto\/h:auto\/q:mauto\/f:best\/https:\/\/acovnak.com\/wp-content\/uploads\/2026\/03\/austral-e-tech-full-hybrid-iconic-1.webp","width":400,"height":250},{"@type":"BreadcrumbList","@id":"https:\/\/acovnak.com\/index.php\/product\/renault-austral-hybrid-2025-automatik\/#breadcrumb","itemListElement":[{"@type":"ListItem","position":1,"name":"Home","item":"https:\/\/acovnak.com\/"},{"@type":"ListItem","position":2,"name":"Products","item":"https:\/\/acovnak.com\/index.php\/shop__trashed\/"},{"@type":"ListItem","position":3,"name":"Renault Austral SUV Hybrid Techno"}]},{"@type":"WebSite","@id":"https:\/\/acovnak.com\/#website","url":"https:\/\/acovnak.com\/","name":"AC Ovnak","description":"","publisher":{"@id":"https:\/\/acovnak.com\/#organization"},"potentialAction":[{"@type":"SearchAction","target":{"@type":"EntryPoint","urlTemplate":"https:\/\/acovnak.com\/?s={search_term_string}"},"query-input":{"@type":"PropertyValueSpecification","valueRequired":true,"valueName":"search_term_string"}}],"inLanguage":"en-US"},{"@type":"Organization","@id":"https:\/\/acovnak.com\/#organization","name":"AC Ovnak","url":"https:\/\/acovnak.com\/","logo":{"@type":"ImageObject","inLanguage":"en-US","@id":"https:\/\/acovnak.com\/#\/schema\/logo\/image\/","url":"https:\/\/mlzqr9sz3jli.i.optimole.com\/cb:0gPR.28e\/w:auto\/h:auto\/q:mauto\/f:best\/https:\/\/acovnak.com\/wp-content\/uploads\/2025\/06\/Ovnak-auto-centar-crveni.png","contentUrl":"https:\/\/mlzqr9sz3jli.i.optimole.com\/cb:0gPR.28e\/w:auto\/h:auto\/q:mauto\/f:best\/https:\/\/acovnak.com\/wp-content\/uploads\/2025\/06\/Ovnak-auto-centar-crveni.png","width":1726,"height":321,"caption":"AC Ovnak"},"image":{"@id":"https:\/\/acovnak.com\/#\/schema\/logo\/image\/"}}]}},"_links":{"self":[{"href":"https:\/\/acovnak.com\/index.php\/wp-json\/wp\/v2\/product\/3060","targetHints":{"allow":["GET"]}}],"collection":[{"href":"https:\/\/acovnak.com\/index.php\/wp-json\/wp\/v2\/product"}],"about":[{"href":"https:\/\/acovnak.com\/index.php\/wp-json\/wp\/v2\/types\/product"}],"replies":[{"embeddable":true,"href":"https:\/\/acovnak.com\/index.php\/wp-json\/wp\/v2\/comments?post=3060"}],"wp:featuredmedia":[{"embeddable":true,"href":"https:\/\/acovnak.com\/index.php\/wp-json\/wp\/v2\/media\/3055"}],"wp:attachment":[{"href":"https:\/\/acovnak.com\/index.php\/wp-json\/wp\/v2\/media?parent=3060"}],"wp:term":[{"taxonomy":"product_brand","embeddable":true,"href":"https:\/\/acovnak.com\/index.php\/wp-json\/wp\/v2\/product_brand?post=3060"},{"taxonomy":"product_cat","embeddable":true,"href":"https:\/\/acovnak.com\/index.php\/wp-json\/wp\/v2\/product_cat?post=3060"},{"taxonomy":"product_tag","embeddable":true,"href":"https:\/\/acovnak.com\/index.php\/wp-json\/wp\/v2\/product_tag?post=3060"}],"curies":[{"name":"wp","href":"https:\/\/api.w.org\/{rel}","templated":true}]}}