{"id":3041,"date":"2026-03-17T08:54:31","date_gmt":"2026-03-17T08:54:31","guid":{"rendered":"https:\/\/acovnak.com\/?post_type=product&#038;p=3041"},"modified":"2026-03-17T09:59:15","modified_gmt":"2026-03-17T09:59:15","slug":"citroen-c5-aircross-hybrid-2025-automatik","status":"publish","type":"product","link":"https:\/\/acovnak.com\/index.php\/product\/citroen-c5-aircross-hybrid-2025-automatik\/","title":{"rendered":"Citroen C5 Aircross Max Hibrid"},"content":{"rendered":"<p><strong>Tehni\u010dki podaci<\/strong><\/p>\n<div class=\"table-wrapper\">\n<table>\n<tbody>\n<tr>\n<td valign=\"top\">Snaga motora<\/td>\n<td>100 kW \/ 145 KS<\/td>\n<\/tr>\n<tr>\n<td valign=\"top\">Zapremina motora<\/td>\n<td>1199 ccm<\/td>\n<\/tr>\n<tr>\n<td valign=\"top\">Godina proizvodnje<\/td>\n<td>2025<\/td>\n<\/tr>\n<tr>\n<td valign=\"top\"><span lang=\"en-US\">Pogonsko gorivo<\/span><\/td>\n<td>Hibrid<\/td>\n<\/tr>\n<tr>\n<td valign=\"top\"><span lang=\"sh-YU\">Dimenzije Dx\u0160xV<\/span><\/td>\n<td>4500 x 2099 x 1689 mm<\/td>\n<\/tr>\n<tr>\n<td valign=\"top\">Euro standard<\/td>\n<td>Euro 6<\/td>\n<\/tr>\n<tr>\n<td valign=\"top\">Tip mjenja\u010da<\/td>\n<td>Automatski<\/td>\n<\/tr>\n<\/tbody>\n<\/table>\n<p><strong>Oprema<\/strong><\/p>\n<div class=\"table-wrapper\">\n<table>\n<tbody>\n<tr>\n<td valign=\"top\">Sigurnosni sustavi<\/td>\n<td>ESP, ABS, Airbag<\/td>\n<\/tr>\n<tr>\n<td valign=\"top\">Napredni asistencijski sustavi<\/td>\n<td>ACC Stop &amp; Go (adaptivni tempomat), el. podiza\u010di stakala<\/td>\n<\/tr>\n<tr>\n<td valign=\"top\">Upravljanje i pristup<\/td>\n<td>Centralna brava, daljinsko otklju\u010davanje, komande na volanu<\/td>\n<\/tr>\n<tr>\n<td valign=\"top\">Parkiranje i preglednost<\/td>\n<td>Parking senzori (naprijed i nazad), kamera 360, senzor ki\u0161e, elektri\u010dni retrovizori<\/td>\n<\/tr>\n<tr>\n<td valign=\"top\">Infotainment i povezivost<\/td>\n<td>Navigacija, Bluetooth, USB, DVD MP3 plus LCD display, CarPlay<\/td>\n<\/tr>\n<tr>\n<td valign=\"top\">Dizajn i udobnost<\/td>\n<td>Ko\u017ea (enterijer), dvozonska klima, digitalna klima, grijanje sjedi\u0161ta, elektri\u010dno pomjeranje sjedi\u0161ta, memorija sjedi\u0161ta,\u00a0 naslon za ruku, ISOFIX, metalik<\/td>\n<\/tr>\n<\/tbody>\n<\/table>\n<p>&nbsp;<\/p>\n<p>&nbsp;<\/p>\n<\/div>\n<\/div>\n","protected":false},"excerpt":{"rendered":"<p>Novi SUV s automatskim mjenja\u010dem i bogatom opremom.<\/p>\n","protected":false},"featured_media":3043,"comment_status":"closed","ping_status":"closed","template":"","meta":{"_acf_changed":false,"site-sidebar-layout":"right-sidebar","site-content-layout":"","ast-site-content-layout":"normal-width-container","site-content-style":"boxed","site-sidebar-style":"unboxed","ast-global-header-display":"","ast-banner-title-visibility":"","ast-main-header-display":"","ast-hfb-above-header-display":"","ast-hfb-below-header-display":"","ast-hfb-mobile-header-display":"","site-post-title":"","ast-breadcrumbs-content":"","ast-featured-img":"","footer-sml-layout":"","ast-disable-related-posts":"","theme-transparent-header-meta":"default","adv-header-id-meta":"","stick-header-meta":"","header-above-stick-meta":"","header-main-stick-meta":"","header-below-stick-meta":"","astra-migrate-meta-layouts":"set","ast-page-background-enabled":"default","ast-page-background-meta":{"desktop":{"background-color":"var(--ast-global-color-5)","background-image":"","background-repeat":"repeat","background-position":"center center","background-size":"auto","background-attachment":"scroll","background-type":"","background-media":"","overlay-type":"","overlay-color":"","overlay-opacity":"","overlay-gradient":""},"tablet":{"background-color":"","background-image":"","background-repeat":"repeat","background-position":"center center","background-size":"auto","background-attachment":"scroll","background-type":"","background-media":"","overlay-type":"","overlay-color":"","overlay-opacity":"","overlay-gradient":""},"mobile":{"background-color":"","background-image":"","background-repeat":"repeat","background-position":"center center","background-size":"auto","background-attachment":"scroll","background-type":"","background-media":"","overlay-type":"","overlay-color":"","overlay-opacity":"","overlay-gradient":""}},"ast-content-background-meta":{"desktop":{"background-color":"var(--ast-global-color-4)","background-image":"","background-repeat":"repeat","background-position":"center center","background-size":"auto","background-attachment":"scroll","background-type":"","background-media":"","overlay-type":"","overlay-color":"","overlay-opacity":"","overlay-gradient":""},"tablet":{"background-color":"var(--ast-global-color-4)","background-image":"","background-repeat":"repeat","background-position":"center center","background-size":"auto","background-attachment":"scroll","background-type":"","background-media":"","overlay-type":"","overlay-color":"","overlay-opacity":"","overlay-gradient":""},"mobile":{"background-color":"var(--ast-global-color-4)","background-image":"","background-repeat":"repeat","background-position":"center center","background-size":"auto","background-attachment":"scroll","background-type":"","background-media":"","overlay-type":"","overlay-color":"","overlay-opacity":"","overlay-gradient":""}}},"product_brand":[],"product_cat":[32,35],"product_tag":[49,45,50,44,48,47,46],"class_list":{"0":"post-3041","1":"product","2":"type-product","3":"status-publish","4":"has-post-thumbnail","6":"product_cat-citroen","7":"product_cat-salonska-vozila-citroen","8":"product_tag-ac-ovnak","9":"product_tag-automatik","10":"product_tag-bih","11":"product_tag-citroen","12":"product_tag-hibrid","13":"product_tag-hybrid","14":"product_tag-suv","15":"desktop-align-left","16":"tablet-align-left","17":"mobile-align-left","19":"first","20":"instock","21":"sale","22":"shipping-taxable","23":"purchasable","24":"product-type-simple"},"acf":[],"yoast_head":"<!-- This site is optimized with the Yoast SEO plugin v27.3 - https:\/\/yoast.com\/product\/yoast-seo-wordpress\/ -->\n<title>Citroen C5 Aircross Hybrid 2025 Automatik \u2013 Novi SUV | AC Ovnak<\/title>\n<meta name=\"description\" content=\"Citroen C5 Aircross Hybrid 2025 \u2013 novi SUV s automatskim mjenja\u010dem, 145 KS, bogata oprema, kamera 360 i navigacija. Dostupan odmah u AC Ovnak Vitez.\" \/>\n<meta name=\"robots\" content=\"index, follow, max-snippet:-1, max-image-preview:large, max-video-preview:-1\" \/>\n<link rel=\"canonical\" href=\"https:\/\/acovnak.com\/index.php\/product\/citroen-c5-aircross-hybrid-2025-automatik\/\" \/>\n<meta property=\"og:locale\" content=\"en_US\" \/>\n<meta property=\"og:type\" content=\"article\" \/>\n<meta property=\"og:title\" content=\"Citroen C5 Aircross Hybrid 2025 Automatik \u2013 Novi SUV | AC Ovnak\" \/>\n<meta property=\"og:description\" content=\"Citroen C5 Aircross Hybrid 2025 \u2013 novi SUV s automatskim mjenja\u010dem, 145 KS, bogata oprema, kamera 360 i navigacija. Dostupan odmah u AC Ovnak Vitez.\" \/>\n<meta property=\"og:url\" content=\"https:\/\/acovnak.com\/index.php\/product\/citroen-c5-aircross-hybrid-2025-automatik\/\" \/>\n<meta property=\"og:site_name\" content=\"AC Ovnak\" \/>\n<meta property=\"article:modified_time\" content=\"2026-03-17T09:59:15+00:00\" \/>\n<meta property=\"og:image\" content=\"https:\/\/mlzqr9sz3jli.i.optimole.com\/cb:0gPR.28e\/w:auto\/h:auto\/q:mauto\/f:best\/https:\/\/acovnak.com\/wp-content\/uploads\/2026\/03\/WhatsApp-Image-2026-03-17-at-09.43.13-6.jpeg\" \/>\n\t<meta property=\"og:image:width\" content=\"1280\" \/>\n\t<meta property=\"og:image:height\" content=\"720\" \/>\n\t<meta property=\"og:image:type\" content=\"image\/jpeg\" \/>\n<meta name=\"twitter:card\" content=\"summary_large_image\" \/>\n<meta name=\"twitter:label1\" content=\"Est. reading time\" \/>\n\t<meta name=\"twitter:data1\" content=\"1 minute\" \/>\n<script type=\"application\/ld+json\" class=\"yoast-schema-graph\">{\"@context\":\"https:\\\/\\\/schema.org\",\"@graph\":[{\"@type\":\"WebPage\",\"@id\":\"https:\\\/\\\/acovnak.com\\\/index.php\\\/product\\\/citroen-c5-aircross-hybrid-2025-automatik\\\/\",\"url\":\"https:\\\/\\\/acovnak.com\\\/index.php\\\/product\\\/citroen-c5-aircross-hybrid-2025-automatik\\\/\",\"name\":\"Citroen C5 Aircross Hybrid 2025 Automatik \u2013 Novi SUV | AC Ovnak\",\"isPartOf\":{\"@id\":\"https:\\\/\\\/acovnak.com\\\/#website\"},\"primaryImageOfPage\":{\"@id\":\"https:\\\/\\\/acovnak.com\\\/index.php\\\/product\\\/citroen-c5-aircross-hybrid-2025-automatik\\\/#primaryimage\"},\"image\":{\"@id\":\"https:\\\/\\\/acovnak.com\\\/index.php\\\/product\\\/citroen-c5-aircross-hybrid-2025-automatik\\\/#primaryimage\"},\"thumbnailUrl\":\"https:\\/\\/acovnak.com\\/wp-content\\/uploads\\/2026\\/03\\/WhatsApp-Image-2026-03-17-at-09.43.13-6.jpeg\",\"datePublished\":\"2026-03-17T08:54:31+00:00\",\"dateModified\":\"2026-03-17T09:59:15+00:00\",\"description\":\"Citroen C5 Aircross Hybrid 2025 \u2013 novi SUV s automatskim mjenja\u010dem, 145 KS, bogata oprema, kamera 360 i navigacija. Dostupan odmah u AC Ovnak Vitez.\",\"breadcrumb\":{\"@id\":\"https:\\\/\\\/acovnak.com\\\/index.php\\\/product\\\/citroen-c5-aircross-hybrid-2025-automatik\\\/#breadcrumb\"},\"inLanguage\":\"en-US\",\"potentialAction\":[{\"@type\":\"ReadAction\",\"target\":[\"https:\\\/\\\/acovnak.com\\\/index.php\\\/product\\\/citroen-c5-aircross-hybrid-2025-automatik\\\/\"]}]},{\"@type\":\"ImageObject\",\"inLanguage\":\"en-US\",\"@id\":\"https:\\\/\\\/acovnak.com\\\/index.php\\\/product\\\/citroen-c5-aircross-hybrid-2025-automatik\\\/#primaryimage\",\"url\":\"https:\\/\\/acovnak.com\\/wp-content\\/uploads\\/2026\\/03\\/WhatsApp-Image-2026-03-17-at-09.43.13-6.jpeg\",\"contentUrl\":\"https:\\/\\/acovnak.com\\/wp-content\\/uploads\\/2026\\/03\\/WhatsApp-Image-2026-03-17-at-09.43.13-6.jpeg\",\"width\":1280,\"height\":720},{\"@type\":\"BreadcrumbList\",\"@id\":\"https:\\\/\\\/acovnak.com\\\/index.php\\\/product\\\/citroen-c5-aircross-hybrid-2025-automatik\\\/#breadcrumb\",\"itemListElement\":[{\"@type\":\"ListItem\",\"position\":1,\"name\":\"Home\",\"item\":\"https:\\\/\\\/acovnak.com\\\/\"},{\"@type\":\"ListItem\",\"position\":2,\"name\":\"Products\",\"item\":\"https:\\\/\\\/acovnak.com\\\/index.php\\\/shop__trashed\\\/\"},{\"@type\":\"ListItem\",\"position\":3,\"name\":\"Citroen C5 Aircross Max Hibrid\"}]},{\"@type\":\"WebSite\",\"@id\":\"https:\\\/\\\/acovnak.com\\\/#website\",\"url\":\"https:\\\/\\\/acovnak.com\\\/\",\"name\":\"AC Ovnak\",\"description\":\"\",\"publisher\":{\"@id\":\"https:\\\/\\\/acovnak.com\\\/#organization\"},\"potentialAction\":[{\"@type\":\"SearchAction\",\"target\":{\"@type\":\"EntryPoint\",\"urlTemplate\":\"https:\\\/\\\/acovnak.com\\\/?s={search_term_string}\"},\"query-input\":{\"@type\":\"PropertyValueSpecification\",\"valueRequired\":true,\"valueName\":\"search_term_string\"}}],\"inLanguage\":\"en-US\"},{\"@type\":\"Organization\",\"@id\":\"https:\\\/\\\/acovnak.com\\\/#organization\",\"name\":\"AC Ovnak\",\"url\":\"https:\\\/\\\/acovnak.com\\\/\",\"logo\":{\"@type\":\"ImageObject\",\"inLanguage\":\"en-US\",\"@id\":\"https:\\\/\\\/acovnak.com\\\/#\\\/schema\\\/logo\\\/image\\\/\",\"url\":\"https:\\/\\/acovnak.com\\/wp-content\\/uploads\\/2025\\/06\\/Ovnak-auto-centar-crveni.png\",\"contentUrl\":\"https:\\/\\/acovnak.com\\/wp-content\\/uploads\\/2025\\/06\\/Ovnak-auto-centar-crveni.png\",\"width\":1726,\"height\":321,\"caption\":\"AC Ovnak\"},\"image\":{\"@id\":\"https:\\\/\\\/acovnak.com\\\/#\\\/schema\\\/logo\\\/image\\\/\"}}]}<\/script>\n<!-- \/ Yoast SEO plugin. -->","yoast_head_json":{"title":"Citroen C5 Aircross Hybrid 2025 Automatik \u2013 Novi SUV | AC Ovnak","description":"Citroen C5 Aircross Hybrid 2025 \u2013 novi SUV s automatskim mjenja\u010dem, 145 KS, bogata oprema, kamera 360 i navigacija. Dostupan odmah u AC Ovnak Vitez.","robots":{"index":"index","follow":"follow","max-snippet":"max-snippet:-1","max-image-preview":"max-image-preview:large","max-video-preview":"max-video-preview:-1"},"canonical":"https:\/\/acovnak.com\/index.php\/product\/citroen-c5-aircross-hybrid-2025-automatik\/","og_locale":"en_US","og_type":"article","og_title":"Citroen C5 Aircross Hybrid 2025 Automatik \u2013 Novi SUV | AC Ovnak","og_description":"Citroen C5 Aircross Hybrid 2025 \u2013 novi SUV s automatskim mjenja\u010dem, 145 KS, bogata oprema, kamera 360 i navigacija. Dostupan odmah u AC Ovnak Vitez.","og_url":"https:\/\/acovnak.com\/index.php\/product\/citroen-c5-aircross-hybrid-2025-automatik\/","og_site_name":"AC Ovnak","article_modified_time":"2026-03-17T09:59:15+00:00","og_image":[{"width":1280,"height":720,"url":"https:\/\/mlzqr9sz3jli.i.optimole.com\/cb:0gPR.28e\/w:auto\/h:auto\/q:mauto\/f:best\/https:\/\/acovnak.com\/wp-content\/uploads\/2026\/03\/WhatsApp-Image-2026-03-17-at-09.43.13-6.jpeg","type":"image\/jpeg"}],"twitter_card":"summary_large_image","twitter_misc":{"Est. reading time":"1 minute"},"schema":{"@context":"https:\/\/schema.org","@graph":[{"@type":"WebPage","@id":"https:\/\/acovnak.com\/index.php\/product\/citroen-c5-aircross-hybrid-2025-automatik\/","url":"https:\/\/acovnak.com\/index.php\/product\/citroen-c5-aircross-hybrid-2025-automatik\/","name":"Citroen C5 Aircross Hybrid 2025 Automatik \u2013 Novi SUV | AC Ovnak","isPartOf":{"@id":"https:\/\/acovnak.com\/#website"},"primaryImageOfPage":{"@id":"https:\/\/acovnak.com\/index.php\/product\/citroen-c5-aircross-hybrid-2025-automatik\/#primaryimage"},"image":{"@id":"https:\/\/acovnak.com\/index.php\/product\/citroen-c5-aircross-hybrid-2025-automatik\/#primaryimage"},"thumbnailUrl":"https:\/\/mlzqr9sz3jli.i.optimole.com\/cb:0gPR.28e\/w:auto\/h:auto\/q:mauto\/f:best\/https:\/\/acovnak.com\/wp-content\/uploads\/2026\/03\/WhatsApp-Image-2026-03-17-at-09.43.13-6.jpeg","datePublished":"2026-03-17T08:54:31+00:00","dateModified":"2026-03-17T09:59:15+00:00","description":"Citroen C5 Aircross Hybrid 2025 \u2013 novi SUV s automatskim mjenja\u010dem, 145 KS, bogata oprema, kamera 360 i navigacija. Dostupan odmah u AC Ovnak Vitez.","breadcrumb":{"@id":"https:\/\/acovnak.com\/index.php\/product\/citroen-c5-aircross-hybrid-2025-automatik\/#breadcrumb"},"inLanguage":"en-US","potentialAction":[{"@type":"ReadAction","target":["https:\/\/acovnak.com\/index.php\/product\/citroen-c5-aircross-hybrid-2025-automatik\/"]}]},{"@type":"ImageObject","inLanguage":"en-US","@id":"https:\/\/acovnak.com\/index.php\/product\/citroen-c5-aircross-hybrid-2025-automatik\/#primaryimage","url":"https:\/\/mlzqr9sz3jli.i.optimole.com\/cb:0gPR.28e\/w:auto\/h:auto\/q:mauto\/f:best\/https:\/\/acovnak.com\/wp-content\/uploads\/2026\/03\/WhatsApp-Image-2026-03-17-at-09.43.13-6.jpeg","contentUrl":"https:\/\/mlzqr9sz3jli.i.optimole.com\/cb:0gPR.28e\/w:auto\/h:auto\/q:mauto\/f:best\/https:\/\/acovnak.com\/wp-content\/uploads\/2026\/03\/WhatsApp-Image-2026-03-17-at-09.43.13-6.jpeg","width":1280,"height":720},{"@type":"BreadcrumbList","@id":"https:\/\/acovnak.com\/index.php\/product\/citroen-c5-aircross-hybrid-2025-automatik\/#breadcrumb","itemListElement":[{"@type":"ListItem","position":1,"name":"Home","item":"https:\/\/acovnak.com\/"},{"@type":"ListItem","position":2,"name":"Products","item":"https:\/\/acovnak.com\/index.php\/shop__trashed\/"},{"@type":"ListItem","position":3,"name":"Citroen C5 Aircross Max Hibrid"}]},{"@type":"WebSite","@id":"https:\/\/acovnak.com\/#website","url":"https:\/\/acovnak.com\/","name":"AC Ovnak","description":"","publisher":{"@id":"https:\/\/acovnak.com\/#organization"},"potentialAction":[{"@type":"SearchAction","target":{"@type":"EntryPoint","urlTemplate":"https:\/\/acovnak.com\/?s={search_term_string}"},"query-input":{"@type":"PropertyValueSpecification","valueRequired":true,"valueName":"search_term_string"}}],"inLanguage":"en-US"},{"@type":"Organization","@id":"https:\/\/acovnak.com\/#organization","name":"AC Ovnak","url":"https:\/\/acovnak.com\/","logo":{"@type":"ImageObject","inLanguage":"en-US","@id":"https:\/\/acovnak.com\/#\/schema\/logo\/image\/","url":"https:\/\/mlzqr9sz3jli.i.optimole.com\/cb:0gPR.28e\/w:auto\/h:auto\/q:mauto\/f:best\/https:\/\/acovnak.com\/wp-content\/uploads\/2025\/06\/Ovnak-auto-centar-crveni.png","contentUrl":"https:\/\/mlzqr9sz3jli.i.optimole.com\/cb:0gPR.28e\/w:auto\/h:auto\/q:mauto\/f:best\/https:\/\/acovnak.com\/wp-content\/uploads\/2025\/06\/Ovnak-auto-centar-crveni.png","width":1726,"height":321,"caption":"AC Ovnak"},"image":{"@id":"https:\/\/acovnak.com\/#\/schema\/logo\/image\/"}}]}},"_links":{"self":[{"href":"https:\/\/acovnak.com\/index.php\/wp-json\/wp\/v2\/product\/3041","targetHints":{"allow":["GET"]}}],"collection":[{"href":"https:\/\/acovnak.com\/index.php\/wp-json\/wp\/v2\/product"}],"about":[{"href":"https:\/\/acovnak.com\/index.php\/wp-json\/wp\/v2\/types\/product"}],"replies":[{"embeddable":true,"href":"https:\/\/acovnak.com\/index.php\/wp-json\/wp\/v2\/comments?post=3041"}],"wp:featuredmedia":[{"embeddable":true,"href":"https:\/\/acovnak.com\/index.php\/wp-json\/wp\/v2\/media\/3043"}],"wp:attachment":[{"href":"https:\/\/acovnak.com\/index.php\/wp-json\/wp\/v2\/media?parent=3041"}],"wp:term":[{"taxonomy":"product_brand","embeddable":true,"href":"https:\/\/acovnak.com\/index.php\/wp-json\/wp\/v2\/product_brand?post=3041"},{"taxonomy":"product_cat","embeddable":true,"href":"https:\/\/acovnak.com\/index.php\/wp-json\/wp\/v2\/product_cat?post=3041"},{"taxonomy":"product_tag","embeddable":true,"href":"https:\/\/acovnak.com\/index.php\/wp-json\/wp\/v2\/product_tag?post=3041"}],"curies":[{"name":"wp","href":"https:\/\/api.w.org\/{rel}","templated":true}]}}