{"id":3023,"date":"2026-01-23T09:54:44","date_gmt":"2026-01-23T09:54:44","guid":{"rendered":"https:\/\/acovnak.com\/?post_type=product&#038;p=3023"},"modified":"2026-01-23T10:31:58","modified_gmt":"2026-01-23T10:31:58","slug":"citroen-business-hibrid-145","status":"publish","type":"product","link":"https:\/\/acovnak.com\/index.php\/product\/citroen-business-hibrid-145\/","title":{"rendered":"Citroen Business Hibrid 145"},"content":{"rendered":"<p><strong>Tehni\u010dki podaci<\/strong><\/p>\n<table>\n<tbody>\n<tr>\n<td valign=\"top\">Godina proizvodnje<\/td>\n<td>2025<\/td>\n<\/tr>\n<tr>\n<td valign=\"top\">Snaga motora<\/td>\n<td>145 KS \/ 100 kW<\/td>\n<\/tr>\n<tr>\n<td valign=\"top\">Kubika\u017ea<\/td>\n<td>1.2<\/td>\n<\/tr>\n<tr>\n<td valign=\"top\"><span lang=\"en-US\">Pogon<\/span><\/td>\n<td>\u00a0Hibrid (kombinacija benzinskog i elektri\u010dnog sustava)<\/td>\n<\/tr>\n<tr>\n<td valign=\"top\"><span lang=\"sh-YU\">Prtlja\u017enik<\/span><\/td>\n<td>380 L<\/td>\n<\/tr>\n<tr>\n<td valign=\"top\">Prosje\u010dna potro\u0161nja<\/td>\n<td>4,5 \u2013 5,5 L \/ 100 km<\/td>\n<\/tr>\n<tr>\n<td valign=\"top\">Tip mjenja\u010da<\/td>\n<td>Automatski<\/td>\n<\/tr>\n<\/tbody>\n<\/table>\n<p><strong>Oprema<\/strong><\/p>\n<div class=\"table-wrapper\">\n<table>\n<tbody>\n<tr>\n<td valign=\"top\">Sigurnosni sustavi<\/td>\n<td>\u00a0Elektri\u010dna parking ko\u010dnica; ABS, AFU, REF, ESP; Sistem za pomo\u0107 pri kretanju na uzbrdici; Sustav za kontrolu tlaka u pneumaticima; Upozorenje za nepri\u010dvr\u0161\u0107ene sigurnosne pojaseve; Prednji sigurnosni jastuk voza\u010da i suvoza\u010da; Zavjesasti sigurnosni jastuci za putnike u 1. i 2. redu; Active Safety Brake (VAEBS3) \u2013 djelovanje pomo\u0107u radarskog mjera\u010da u odbojniku; Citro\u00ebn Connect BOX (geolokacija i SOS).<\/td>\n<\/tr>\n<tr>\n<td valign=\"top\">Napredni asistencijski sustavi<\/td>\n<td>Aktivni sistem za alarmiranje kod nenamjernog prelaska vozne trake (LKA); Upozorenje na opasnost od sudara; Upozorenje na voza\u010devu nepa\u017enju (DAA3); Pro\u0161ireni sustav za prepoznavanje prometnih znakova; Prilagodljivi tempomat Stop &amp; Go EAT8 s mogu\u0107no\u0161\u0107u potpunog zaustavljanja i pokretanja vozila; Sustav za kontrolu mrtvog kuta.<\/td>\n<\/tr>\n<tr>\n<td valign=\"top\">Upravljanje i pristup<\/td>\n<td>Hands-free ulaz u vozilo i pokretanje vozila; 2x klju\u010d s daljinskim pode\u0161avanjem i sa tri dugmeta; Multifunkcijski volan od zrnaste ko\u017ee; Visoka sredi\u0161nja konzola sa naslonom za ruke.<\/td>\n<\/tr>\n<tr>\n<td valign=\"top\">Parkiranje i preglednost<\/td>\n<td>Prednji parking senzori; Zadnji parking senzori; Kamera za vo\u017enju unazad TOP REAR VISION; Elektri\u010dno podesivi, preklopivi i grijani vanjski retrovizori sa osvjetljenjem; Automatski brisa\u010di sa senzorom za ki\u0161u; LED prednji farovi, LED dnevna svijetla, automatsko uklju\u010divanje dnevnih svjetala; Zadnja LED svjetla.<\/td>\n<\/tr>\n<tr>\n<td valign=\"top\">Infotainment i povezivost<\/td>\n<td>Digitalni autoradio DAB+; 6 zvu\u010dnika; 7-in\u010dna digitalna instrument tabla; My Citro\u00ebn Drive Plus sa 10&#8221; HD ekranom na dodir; Navigacijski sustav; Mirror Screen (Android Auto, Apple CarPlay); Citro\u00ebn Connect BOX (geolokacija i SOS); 12 V uti\u010dnica sprijeda; 1x USB uti\u010dnica sprijeda; 1x USB-A sprijeda i 1x USB-A u zadnjem dijelu.<\/td>\n<\/tr>\n<tr>\n<td valign=\"top\">Dizajn i udobnost<\/td>\n<td>Automatski dvozonski klima ure\u0111aj + otvori klime za putnike u 2. redu; Voza\u010devo i suvoza\u010devo sjedalo podesivo po du\u017eini, visini i naklonu; Pode\u0161avanje voza\u010devog sjedala u lumbalnom dijelu; Sjedala Advanced Comfort\u00ae; Stra\u017enja klupa djeljiva 1\/3\u20132\/3 + tri naslona za glavu u 2. redu; ISOFIX na zadnjim bo\u010dnim sjedalima; Osvjetljenje prednjeg i zadnjeg dijela putni\u010dkog prostora + osvjetljenje prtlja\u017enika; Sjenila sa ogledalom u 1. redu; Progressive Hydraulic Cushions (ovjes s progresivnim hidrauli\u010dnim grani\u010dnicima); Kombinacija unutra\u0161njosti Urban Grey; D\u017eepovi na pole\u0111ini prednjih sjedala;\u00a0 Vanjski detalji u crnoj boji (ru\u010dice\/retrovoizori\/branici\/blatobrani\/pragovi) + za\u0161tita podvozja sprijeda siva Chrome.<\/td>\n<\/tr>\n<\/tbody>\n<\/table>\n<p>&nbsp;<\/p>\n<p><strong>Dodatna oprema<\/strong><\/p>\n<div class=\"table-wrapper\">\n<table>\n<tbody>\n<tr>\n<td valign=\"top\">Gume<\/td>\n<td>18&#8221; felge od lake legure sa dijamantnim efektom; Colour clips u zlatnoj boji + za\u0161tita Airbump\u00ae<\/td>\n<\/tr>\n<\/tbody>\n<\/table>\n<p>&nbsp;<\/p>\n<\/div>\n<\/div>\n","protected":false},"excerpt":{"rendered":"<p>Bogatije opremljena verzija BUSINESS<\/p>\n","protected":false},"featured_media":3020,"comment_status":"closed","ping_status":"closed","template":"","meta":{"_acf_changed":false,"site-sidebar-layout":"right-sidebar","site-content-layout":"","ast-site-content-layout":"normal-width-container","site-content-style":"boxed","site-sidebar-style":"default","ast-global-header-display":"","ast-banner-title-visibility":"","ast-main-header-display":"","ast-hfb-above-header-display":"","ast-hfb-below-header-display":"","ast-hfb-mobile-header-display":"","site-post-title":"","ast-breadcrumbs-content":"","ast-featured-img":"","footer-sml-layout":"","ast-disable-related-posts":"","theme-transparent-header-meta":"default","adv-header-id-meta":"","stick-header-meta":"","header-above-stick-meta":"","header-main-stick-meta":"","header-below-stick-meta":"","astra-migrate-meta-layouts":"set","ast-page-background-enabled":"default","ast-page-background-meta":{"desktop":{"background-color":"var(--ast-global-color-5)","background-image":"","background-repeat":"repeat","background-position":"center center","background-size":"auto","background-attachment":"scroll","background-type":"","background-media":"","overlay-type":"","overlay-color":"","overlay-opacity":"","overlay-gradient":""},"tablet":{"background-color":"","background-image":"","background-repeat":"repeat","background-position":"center center","background-size":"auto","background-attachment":"scroll","background-type":"","background-media":"","overlay-type":"","overlay-color":"","overlay-opacity":"","overlay-gradient":""},"mobile":{"background-color":"","background-image":"","background-repeat":"repeat","background-position":"center center","background-size":"auto","background-attachment":"scroll","background-type":"","background-media":"","overlay-type":"","overlay-color":"","overlay-opacity":"","overlay-gradient":""}},"ast-content-background-meta":{"desktop":{"background-color":"var(--ast-global-color-4)","background-image":"","background-repeat":"repeat","background-position":"center center","background-size":"auto","background-attachment":"scroll","background-type":"","background-media":"","overlay-type":"","overlay-color":"","overlay-opacity":"","overlay-gradient":""},"tablet":{"background-color":"var(--ast-global-color-4)","background-image":"","background-repeat":"repeat","background-position":"center center","background-size":"auto","background-attachment":"scroll","background-type":"","background-media":"","overlay-type":"","overlay-color":"","overlay-opacity":"","overlay-gradient":""},"mobile":{"background-color":"var(--ast-global-color-4)","background-image":"","background-repeat":"repeat","background-position":"center center","background-size":"auto","background-attachment":"scroll","background-type":"","background-media":"","overlay-type":"","overlay-color":"","overlay-opacity":"","overlay-gradient":""}}},"product_brand":[],"product_cat":[32,35],"product_tag":[],"class_list":{"0":"post-3023","1":"product","2":"type-product","3":"status-publish","4":"has-post-thumbnail","6":"product_cat-citroen","7":"product_cat-salonska-vozila-citroen","8":"desktop-align-left","9":"tablet-align-left","10":"mobile-align-left","12":"first","13":"instock","14":"sale","15":"shipping-taxable","16":"purchasable","17":"product-type-simple"},"acf":[],"yoast_head":"<!-- This site is optimized with the Yoast SEO plugin v27.3 - https:\/\/yoast.com\/product\/yoast-seo-wordpress\/ -->\n<title>Citro\u00ebn C4 Business Hibrid 2025 | Full oprema | Akcija | Garancija<\/title>\n<meta name=\"description\" content=\"Citro\u00ebn C4 Business Hibrid 2025 s bogatom serijskom opremom. Dostupan u AC Ovnak!\" \/>\n<meta name=\"robots\" content=\"index, follow, max-snippet:-1, max-image-preview:large, max-video-preview:-1\" \/>\n<link rel=\"canonical\" href=\"https:\/\/acovnak.com\/index.php\/product\/citroen-business-hibrid-145\/\" \/>\n<meta property=\"og:locale\" content=\"en_US\" \/>\n<meta property=\"og:type\" content=\"article\" \/>\n<meta property=\"og:title\" content=\"Citro\u00ebn C4 Business Hibrid 2025 | Full oprema | Akcija | Garancija\" \/>\n<meta property=\"og:description\" content=\"Citro\u00ebn C4 Business Hibrid 2025 s bogatom serijskom opremom. Dostupan u AC Ovnak!\" \/>\n<meta property=\"og:url\" content=\"https:\/\/acovnak.com\/index.php\/product\/citroen-business-hibrid-145\/\" \/>\n<meta property=\"og:site_name\" content=\"AC Ovnak\" \/>\n<meta property=\"article:modified_time\" content=\"2026-01-23T10:31:58+00:00\" \/>\n<meta property=\"og:image\" content=\"https:\/\/mlzqr9sz3jli.i.optimole.com\/cb:0gPR.28e\/w:auto\/h:auto\/q:mauto\/f:best\/https:\/\/acovnak.com\/wp-content\/uploads\/2026\/01\/AC-Ovnak-slike-auta-7-e1769162751598.png\" \/>\n\t<meta property=\"og:image:width\" content=\"1760\" \/>\n\t<meta property=\"og:image:height\" content=\"1307\" \/>\n\t<meta property=\"og:image:type\" content=\"image\/png\" \/>\n<meta name=\"twitter:card\" content=\"summary_large_image\" \/>\n<meta name=\"twitter:label1\" content=\"Est. reading time\" \/>\n\t<meta name=\"twitter:data1\" content=\"2 minutes\" \/>\n<script type=\"application\/ld+json\" class=\"yoast-schema-graph\">{\"@context\":\"https:\\\/\\\/schema.org\",\"@graph\":[{\"@type\":\"WebPage\",\"@id\":\"https:\\\/\\\/acovnak.com\\\/index.php\\\/product\\\/citroen-business-hibrid-145\\\/\",\"url\":\"https:\\\/\\\/acovnak.com\\\/index.php\\\/product\\\/citroen-business-hibrid-145\\\/\",\"name\":\"Citro\u00ebn C4 Business Hibrid 2025 | Full oprema | Akcija | Garancija\",\"isPartOf\":{\"@id\":\"https:\\\/\\\/acovnak.com\\\/#website\"},\"primaryImageOfPage\":{\"@id\":\"https:\\\/\\\/acovnak.com\\\/index.php\\\/product\\\/citroen-business-hibrid-145\\\/#primaryimage\"},\"image\":{\"@id\":\"https:\\\/\\\/acovnak.com\\\/index.php\\\/product\\\/citroen-business-hibrid-145\\\/#primaryimage\"},\"thumbnailUrl\":\"https:\\/\\/acovnak.com\\/wp-content\\/uploads\\/2026\\/01\\/AC-Ovnak-slike-auta-7-e1769162751598.png\",\"datePublished\":\"2026-01-23T09:54:44+00:00\",\"dateModified\":\"2026-01-23T10:31:58+00:00\",\"description\":\"Citro\u00ebn C4 Business Hibrid 2025 s bogatom serijskom opremom. Dostupan u AC Ovnak!\",\"breadcrumb\":{\"@id\":\"https:\\\/\\\/acovnak.com\\\/index.php\\\/product\\\/citroen-business-hibrid-145\\\/#breadcrumb\"},\"inLanguage\":\"en-US\",\"potentialAction\":[{\"@type\":\"ReadAction\",\"target\":[\"https:\\\/\\\/acovnak.com\\\/index.php\\\/product\\\/citroen-business-hibrid-145\\\/\"]}]},{\"@type\":\"ImageObject\",\"inLanguage\":\"en-US\",\"@id\":\"https:\\\/\\\/acovnak.com\\\/index.php\\\/product\\\/citroen-business-hibrid-145\\\/#primaryimage\",\"url\":\"https:\\/\\/acovnak.com\\/wp-content\\/uploads\\/2026\\/01\\/AC-Ovnak-slike-auta-7-e1769162751598.png\",\"contentUrl\":\"https:\\/\\/acovnak.com\\/wp-content\\/uploads\\/2026\\/01\\/AC-Ovnak-slike-auta-7-e1769162751598.png\",\"width\":1760,\"height\":1307},{\"@type\":\"BreadcrumbList\",\"@id\":\"https:\\\/\\\/acovnak.com\\\/index.php\\\/product\\\/citroen-business-hibrid-145\\\/#breadcrumb\",\"itemListElement\":[{\"@type\":\"ListItem\",\"position\":1,\"name\":\"Home\",\"item\":\"https:\\\/\\\/acovnak.com\\\/\"},{\"@type\":\"ListItem\",\"position\":2,\"name\":\"Products\",\"item\":\"https:\\\/\\\/acovnak.com\\\/index.php\\\/shop__trashed\\\/\"},{\"@type\":\"ListItem\",\"position\":3,\"name\":\"Citroen Business Hibrid 145\"}]},{\"@type\":\"WebSite\",\"@id\":\"https:\\\/\\\/acovnak.com\\\/#website\",\"url\":\"https:\\\/\\\/acovnak.com\\\/\",\"name\":\"AC Ovnak\",\"description\":\"\",\"publisher\":{\"@id\":\"https:\\\/\\\/acovnak.com\\\/#organization\"},\"potentialAction\":[{\"@type\":\"SearchAction\",\"target\":{\"@type\":\"EntryPoint\",\"urlTemplate\":\"https:\\\/\\\/acovnak.com\\\/?s={search_term_string}\"},\"query-input\":{\"@type\":\"PropertyValueSpecification\",\"valueRequired\":true,\"valueName\":\"search_term_string\"}}],\"inLanguage\":\"en-US\"},{\"@type\":\"Organization\",\"@id\":\"https:\\\/\\\/acovnak.com\\\/#organization\",\"name\":\"AC Ovnak\",\"url\":\"https:\\\/\\\/acovnak.com\\\/\",\"logo\":{\"@type\":\"ImageObject\",\"inLanguage\":\"en-US\",\"@id\":\"https:\\\/\\\/acovnak.com\\\/#\\\/schema\\\/logo\\\/image\\\/\",\"url\":\"https:\\/\\/acovnak.com\\/wp-content\\/uploads\\/2025\\/06\\/Ovnak-auto-centar-crveni.png\",\"contentUrl\":\"https:\\/\\/acovnak.com\\/wp-content\\/uploads\\/2025\\/06\\/Ovnak-auto-centar-crveni.png\",\"width\":1726,\"height\":321,\"caption\":\"AC Ovnak\"},\"image\":{\"@id\":\"https:\\\/\\\/acovnak.com\\\/#\\\/schema\\\/logo\\\/image\\\/\"}}]}<\/script>\n<!-- \/ Yoast SEO plugin. -->","yoast_head_json":{"title":"Citro\u00ebn C4 Business Hibrid 2025 | Full oprema | Akcija | Garancija","description":"Citro\u00ebn C4 Business Hibrid 2025 s bogatom serijskom opremom. Dostupan u AC Ovnak!","robots":{"index":"index","follow":"follow","max-snippet":"max-snippet:-1","max-image-preview":"max-image-preview:large","max-video-preview":"max-video-preview:-1"},"canonical":"https:\/\/acovnak.com\/index.php\/product\/citroen-business-hibrid-145\/","og_locale":"en_US","og_type":"article","og_title":"Citro\u00ebn C4 Business Hibrid 2025 | Full oprema | Akcija | Garancija","og_description":"Citro\u00ebn C4 Business Hibrid 2025 s bogatom serijskom opremom. Dostupan u AC Ovnak!","og_url":"https:\/\/acovnak.com\/index.php\/product\/citroen-business-hibrid-145\/","og_site_name":"AC Ovnak","article_modified_time":"2026-01-23T10:31:58+00:00","og_image":[{"width":1760,"height":1307,"url":"https:\/\/mlzqr9sz3jli.i.optimole.com\/cb:0gPR.28e\/w:auto\/h:auto\/q:mauto\/f:best\/https:\/\/acovnak.com\/wp-content\/uploads\/2026\/01\/AC-Ovnak-slike-auta-7-e1769162751598.png","type":"image\/png"}],"twitter_card":"summary_large_image","twitter_misc":{"Est. reading time":"2 minutes"},"schema":{"@context":"https:\/\/schema.org","@graph":[{"@type":"WebPage","@id":"https:\/\/acovnak.com\/index.php\/product\/citroen-business-hibrid-145\/","url":"https:\/\/acovnak.com\/index.php\/product\/citroen-business-hibrid-145\/","name":"Citro\u00ebn C4 Business Hibrid 2025 | Full oprema | Akcija | Garancija","isPartOf":{"@id":"https:\/\/acovnak.com\/#website"},"primaryImageOfPage":{"@id":"https:\/\/acovnak.com\/index.php\/product\/citroen-business-hibrid-145\/#primaryimage"},"image":{"@id":"https:\/\/acovnak.com\/index.php\/product\/citroen-business-hibrid-145\/#primaryimage"},"thumbnailUrl":"https:\/\/mlzqr9sz3jli.i.optimole.com\/cb:0gPR.28e\/w:auto\/h:auto\/q:mauto\/f:best\/https:\/\/acovnak.com\/wp-content\/uploads\/2026\/01\/AC-Ovnak-slike-auta-7-e1769162751598.png","datePublished":"2026-01-23T09:54:44+00:00","dateModified":"2026-01-23T10:31:58+00:00","description":"Citro\u00ebn C4 Business Hibrid 2025 s bogatom serijskom opremom. Dostupan u AC Ovnak!","breadcrumb":{"@id":"https:\/\/acovnak.com\/index.php\/product\/citroen-business-hibrid-145\/#breadcrumb"},"inLanguage":"en-US","potentialAction":[{"@type":"ReadAction","target":["https:\/\/acovnak.com\/index.php\/product\/citroen-business-hibrid-145\/"]}]},{"@type":"ImageObject","inLanguage":"en-US","@id":"https:\/\/acovnak.com\/index.php\/product\/citroen-business-hibrid-145\/#primaryimage","url":"https:\/\/mlzqr9sz3jli.i.optimole.com\/cb:0gPR.28e\/w:auto\/h:auto\/q:mauto\/f:best\/https:\/\/acovnak.com\/wp-content\/uploads\/2026\/01\/AC-Ovnak-slike-auta-7-e1769162751598.png","contentUrl":"https:\/\/mlzqr9sz3jli.i.optimole.com\/cb:0gPR.28e\/w:auto\/h:auto\/q:mauto\/f:best\/https:\/\/acovnak.com\/wp-content\/uploads\/2026\/01\/AC-Ovnak-slike-auta-7-e1769162751598.png","width":1760,"height":1307},{"@type":"BreadcrumbList","@id":"https:\/\/acovnak.com\/index.php\/product\/citroen-business-hibrid-145\/#breadcrumb","itemListElement":[{"@type":"ListItem","position":1,"name":"Home","item":"https:\/\/acovnak.com\/"},{"@type":"ListItem","position":2,"name":"Products","item":"https:\/\/acovnak.com\/index.php\/shop__trashed\/"},{"@type":"ListItem","position":3,"name":"Citroen Business Hibrid 145"}]},{"@type":"WebSite","@id":"https:\/\/acovnak.com\/#website","url":"https:\/\/acovnak.com\/","name":"AC Ovnak","description":"","publisher":{"@id":"https:\/\/acovnak.com\/#organization"},"potentialAction":[{"@type":"SearchAction","target":{"@type":"EntryPoint","urlTemplate":"https:\/\/acovnak.com\/?s={search_term_string}"},"query-input":{"@type":"PropertyValueSpecification","valueRequired":true,"valueName":"search_term_string"}}],"inLanguage":"en-US"},{"@type":"Organization","@id":"https:\/\/acovnak.com\/#organization","name":"AC Ovnak","url":"https:\/\/acovnak.com\/","logo":{"@type":"ImageObject","inLanguage":"en-US","@id":"https:\/\/acovnak.com\/#\/schema\/logo\/image\/","url":"https:\/\/mlzqr9sz3jli.i.optimole.com\/cb:0gPR.28e\/w:auto\/h:auto\/q:mauto\/f:best\/https:\/\/acovnak.com\/wp-content\/uploads\/2025\/06\/Ovnak-auto-centar-crveni.png","contentUrl":"https:\/\/mlzqr9sz3jli.i.optimole.com\/cb:0gPR.28e\/w:auto\/h:auto\/q:mauto\/f:best\/https:\/\/acovnak.com\/wp-content\/uploads\/2025\/06\/Ovnak-auto-centar-crveni.png","width":1726,"height":321,"caption":"AC Ovnak"},"image":{"@id":"https:\/\/acovnak.com\/#\/schema\/logo\/image\/"}}]}},"_links":{"self":[{"href":"https:\/\/acovnak.com\/index.php\/wp-json\/wp\/v2\/product\/3023","targetHints":{"allow":["GET"]}}],"collection":[{"href":"https:\/\/acovnak.com\/index.php\/wp-json\/wp\/v2\/product"}],"about":[{"href":"https:\/\/acovnak.com\/index.php\/wp-json\/wp\/v2\/types\/product"}],"replies":[{"embeddable":true,"href":"https:\/\/acovnak.com\/index.php\/wp-json\/wp\/v2\/comments?post=3023"}],"wp:featuredmedia":[{"embeddable":true,"href":"https:\/\/acovnak.com\/index.php\/wp-json\/wp\/v2\/media\/3020"}],"wp:attachment":[{"href":"https:\/\/acovnak.com\/index.php\/wp-json\/wp\/v2\/media?parent=3023"}],"wp:term":[{"taxonomy":"product_brand","embeddable":true,"href":"https:\/\/acovnak.com\/index.php\/wp-json\/wp\/v2\/product_brand?post=3023"},{"taxonomy":"product_cat","embeddable":true,"href":"https:\/\/acovnak.com\/index.php\/wp-json\/wp\/v2\/product_cat?post=3023"},{"taxonomy":"product_tag","embeddable":true,"href":"https:\/\/acovnak.com\/index.php\/wp-json\/wp\/v2\/product_tag?post=3023"}],"curies":[{"name":"wp","href":"https:\/\/api.w.org\/{rel}","templated":true}]}}