{"id":1768,"date":"2025-06-27T13:43:56","date_gmt":"2025-06-27T13:43:56","guid":{"rendered":"https:\/\/acovnak.com\/?post_type=product&#038;p=1768"},"modified":"2025-12-01T11:57:13","modified_gmt":"2025-12-01T11:57:13","slug":"dacia-duster-extreme-2","status":"publish","type":"product","link":"https:\/\/acovnak.com\/index.php\/product\/dacia-duster-extreme-2\/","title":{"rendered":"DACIA DUSTER EXTREME"},"content":{"rendered":"<p><strong>Tehni\u010dki podaci<\/strong><\/p>\n<div class=\"table-wrapper\">\n<table style=\"height: 428px;\" width=\"1337\">\n<tbody>\n<tr>\n<td valign=\"top\">Godina proizvodnje<\/td>\n<td>2025<\/td>\n<\/tr>\n<tr>\n<td valign=\"top\">Kubika\u017ea<\/td>\n<td>1.2<\/td>\n<\/tr>\n<tr>\n<td valign=\"top\">Snaga motora<\/td>\n<td>96 kW \/ 131 KS<\/td>\n<\/tr>\n<tr>\n<td valign=\"top\"><span lang=\"en-US\">Pogonsko gorivo<\/span><\/td>\n<td>benzin<\/td>\n<\/tr>\n<tr>\n<td valign=\"top\"><span lang=\"sh-YU\">Dimenzije Dx\u0160xV<\/span><\/td>\n<td>4687 x 1848 x 1486 mm<\/td>\n<\/tr>\n<tr>\n<td valign=\"top\">Prosje\u010dna potro\u0161nja<\/td>\n<td>5.8 \u2013 6.5 l \/ 100 km<\/td>\n<\/tr>\n<tr>\n<td valign=\"top\">Euro standard<\/td>\n<td>Euro 6d<\/td>\n<\/tr>\n<tr>\n<td valign=\"top\">Tip mjenja\u010da<\/td>\n<td>automatski EAT8<\/td>\n<\/tr>\n<tr>\n<td valign=\"top\">Zapremina prtlja\u017enika<\/td>\n<td>445\u2013478 L<\/td>\n<\/tr>\n<\/tbody>\n<\/table>\n<p><strong>Oprema<\/strong><\/p>\n<div class=\"table-wrapper\">\n<table>\n<tbody>\n<tr>\n<td valign=\"top\">Sigurnosni sustavi<\/td>\n<td>ABS + AFU (pomo\u0107 pri naglom ko\u010denju), ESP + Hill Start Assist, zra\u010dni jastuci (prednji, bo\u010dni, zra\u010dne zavjese), ISOFIX sustav, sustav kontrole pa\u017enje voza\u010da (DDAW), upozorenje na sudar (FCW), automatsko ko\u010denje u nu\u017edi (pje\u0161aci\/biciklisti), sustav za odr\u017eavanje u traci (LKA + LDW), automatsko prebacivanje dugih\/srednjih svjetala, 3PMSF gume (samo za 4&#215;4)<\/td>\n<\/tr>\n<tr>\n<td valign=\"top\">Napredni asistencijski sustavi<\/td>\n<td>Parkirni senzori straga + kamera, tempomat i limitator brzine, sustav inteligentne kontrole brzine, automatska svjetla i brisa\u010di, digitalni zasloni 3,5&#8243; i 7&#8243;, sustav poziva u nu\u017edi<\/td>\n<\/tr>\n<tr>\n<td valign=\"top\">Upravljanje i pristup<\/td>\n<td>Daljinsko centralno zaklju\u010davanje, kartica DACIA &#8220;slobodne ruke&#8221; (keyless entry i start), upravlja\u010d podesiv po visini i dubini, multifunkcijski upravlja\u010d presvu\u010den umjetnom ko\u017eom, elektri\u010dna parkirna ko\u010dnica, elektri\u010dno podesiva, grijana i preklopiva vanjska ogledala, unutarnji retrovizor s ru\u010dnim zatamnjivanjem, senzor za ki\u0161u + automatsko paljenje brisa\u010da<\/td>\n<\/tr>\n<tr>\n<td valign=\"top\">Parkiranje i preglednost<\/td>\n<td>Prednji i stra\u017enji parking senzori, kamera za vo\u017enju unazad, mlaznica za pranje kamere, unutarnji fotosenzibilni retrovizor, elektropreklopivi retrovizori s LED osvjetljenjem<\/td>\n<\/tr>\n<tr>\n<td valign=\"top\">Infotainment i povezivost<\/td>\n<td>Automatski klima ure\u0111aj, multifunkcijski upravlja\u010d (visina\/dubina), induktivno punjenje telefona, kartica \u201cslobodne ruke\u201d, elektri\u010dno podizanje svih stakala, podesiva sjedala (voza\u010d i lumbalni dio), visoka konzola s naslonom i pretincem, multimedija 10,1\u201d s 3D Arkamys audio sustavom (6 zvu\u010dnika), DAB, Bluetooth, USB-C, AUX, Android Auto \/ Apple CarPlay (be\u017ei\u010dno)<\/td>\n<\/tr>\n<tr>\n<td valign=\"top\">Dizajn i udobnost<\/td>\n<td>Extreme\u201d TEP MicroCloud perive presvlake, naplatci 17&#8243; TERGAN, zatamnjena stakla + retrovizori u boji bakra, modularni i uzdu\u017eni krovni nosa\u010di, metalik boja Green Oxide, rezervni kota\u010d (opcija uklju\u010dena), gumeni tepisi \u201cExtreme\u201d<\/td>\n<\/tr>\n<\/tbody>\n<\/table>\n<p>&nbsp;<\/p>\n<p><strong>Dodatna oprema<\/strong><\/p>\n<div class=\"table-wrapper\">\n<table>\n<tbody>\n<tr>\n<td valign=\"top\">Gume<\/td>\n<td>Rezervni kota\u010d, metalik boja \u2013 Green Oxide (TEDQK)<\/td>\n<\/tr>\n<\/tbody>\n<\/table>\n<p>&nbsp;<\/p>\n<\/div>\n<\/div>\n<\/div>\n","protected":false},"excerpt":{"rendered":"<p>1,2 TCE 130 4X4<\/p>\n","protected":false},"featured_media":1769,"comment_status":"closed","ping_status":"closed","template":"","meta":{"_acf_changed":false,"site-sidebar-layout":"right-sidebar","site-content-layout":"","ast-site-content-layout":"normal-width-container","site-content-style":"boxed","site-sidebar-style":"unboxed","ast-global-header-display":"","ast-banner-title-visibility":"","ast-main-header-display":"","ast-hfb-above-header-display":"","ast-hfb-below-header-display":"","ast-hfb-mobile-header-display":"","site-post-title":"","ast-breadcrumbs-content":"","ast-featured-img":"","footer-sml-layout":"","ast-disable-related-posts":"","theme-transparent-header-meta":"default","adv-header-id-meta":"","stick-header-meta":"","header-above-stick-meta":"","header-main-stick-meta":"","header-below-stick-meta":"","astra-migrate-meta-layouts":"set","ast-page-background-enabled":"default","ast-page-background-meta":{"desktop":{"background-color":"var(--ast-global-color-5)","background-image":"","background-repeat":"repeat","background-position":"center center","background-size":"auto","background-attachment":"scroll","background-type":"","background-media":"","overlay-type":"","overlay-color":"","overlay-opacity":"","overlay-gradient":""},"tablet":{"background-color":"","background-image":"","background-repeat":"repeat","background-position":"center center","background-size":"auto","background-attachment":"scroll","background-type":"","background-media":"","overlay-type":"","overlay-color":"","overlay-opacity":"","overlay-gradient":""},"mobile":{"background-color":"","background-image":"","background-repeat":"repeat","background-position":"center center","background-size":"auto","background-attachment":"scroll","background-type":"","background-media":"","overlay-type":"","overlay-color":"","overlay-opacity":"","overlay-gradient":""}},"ast-content-background-meta":{"desktop":{"background-color":"var(--ast-global-color-4)","background-image":"","background-repeat":"repeat","background-position":"center center","background-size":"auto","background-attachment":"scroll","background-type":"","background-media":"","overlay-type":"","overlay-color":"","overlay-opacity":"","overlay-gradient":""},"tablet":{"background-color":"var(--ast-global-color-4)","background-image":"","background-repeat":"repeat","background-position":"center center","background-size":"auto","background-attachment":"scroll","background-type":"","background-media":"","overlay-type":"","overlay-color":"","overlay-opacity":"","overlay-gradient":""},"mobile":{"background-color":"var(--ast-global-color-4)","background-image":"","background-repeat":"repeat","background-position":"center center","background-size":"auto","background-attachment":"scroll","background-type":"","background-media":"","overlay-type":"","overlay-color":"","overlay-opacity":"","overlay-gradient":""}}},"product_brand":[],"product_cat":[39,40],"product_tag":[],"class_list":{"0":"post-1768","1":"product","2":"type-product","3":"status-publish","4":"has-post-thumbnail","6":"product_cat-dacia","7":"product_cat-salonska-vozila-dacia","8":"desktop-align-left","9":"tablet-align-left","10":"mobile-align-left","12":"first","13":"instock","14":"shipping-taxable","15":"purchasable","16":"product-type-simple"},"acf":[],"yoast_head":"<!-- This site is optimized with the Yoast SEO plugin v27.3 - https:\/\/yoast.com\/product\/yoast-seo-wordpress\/ -->\n<title>Dacia Duster Extreme | Terenski SUV s karakterom | AC Ovnak<\/title>\n<meta name=\"description\" content=\"Dacia Duster Extreme \u2013 robustan SUV za gradske i terenske uvjete. Moderan dizajn, napredna oprema i pouzdanost. Dostupan u AC Ovnak salonu.\" \/>\n<meta name=\"robots\" content=\"index, follow, max-snippet:-1, max-image-preview:large, max-video-preview:-1\" \/>\n<link rel=\"canonical\" href=\"https:\/\/acovnak.com\/index.php\/product\/dacia-duster-extreme-2\/\" \/>\n<meta property=\"og:locale\" content=\"en_US\" \/>\n<meta property=\"og:type\" content=\"article\" \/>\n<meta property=\"og:title\" content=\"Dacia Duster Extreme | Terenski SUV s karakterom | AC Ovnak\" \/>\n<meta property=\"og:description\" content=\"Dacia Duster Extreme \u2013 robustan SUV za gradske i terenske uvjete. Moderan dizajn, napredna oprema i pouzdanost. Dostupan u AC Ovnak salonu.\" \/>\n<meta property=\"og:url\" content=\"https:\/\/acovnak.com\/index.php\/product\/dacia-duster-extreme-2\/\" \/>\n<meta property=\"og:site_name\" content=\"AC Ovnak\" \/>\n<meta property=\"article:modified_time\" content=\"2025-12-01T11:57:13+00:00\" \/>\n<meta property=\"og:image\" content=\"https:\/\/mlzqr9sz3jli.i.optimole.com\/cb:0gPR.28e\/w:auto\/h:auto\/q:mauto\/f:best\/https:\/\/acovnak.com\/wp-content\/uploads\/2025\/06\/SCHISTE_1_1200_900px-1.png\" \/>\n\t<meta property=\"og:image:width\" content=\"1200\" \/>\n\t<meta property=\"og:image:height\" content=\"900\" \/>\n\t<meta property=\"og:image:type\" content=\"image\/png\" \/>\n<meta name=\"twitter:card\" content=\"summary_large_image\" \/>\n<meta name=\"twitter:label1\" content=\"Est. reading time\" \/>\n\t<meta name=\"twitter:data1\" content=\"2 minutes\" \/>\n<script type=\"application\/ld+json\" class=\"yoast-schema-graph\">{\"@context\":\"https:\\\/\\\/schema.org\",\"@graph\":[{\"@type\":\"WebPage\",\"@id\":\"https:\\\/\\\/acovnak.com\\\/index.php\\\/product\\\/dacia-duster-extreme-2\\\/\",\"url\":\"https:\\\/\\\/acovnak.com\\\/index.php\\\/product\\\/dacia-duster-extreme-2\\\/\",\"name\":\"Dacia Duster Extreme | Terenski SUV s karakterom | AC Ovnak\",\"isPartOf\":{\"@id\":\"https:\\\/\\\/acovnak.com\\\/#website\"},\"primaryImageOfPage\":{\"@id\":\"https:\\\/\\\/acovnak.com\\\/index.php\\\/product\\\/dacia-duster-extreme-2\\\/#primaryimage\"},\"image\":{\"@id\":\"https:\\\/\\\/acovnak.com\\\/index.php\\\/product\\\/dacia-duster-extreme-2\\\/#primaryimage\"},\"thumbnailUrl\":\"https:\\/\\/acovnak.com\\/wp-content\\/uploads\\/2025\\/06\\/SCHISTE_1_1200_900px-1.png\",\"datePublished\":\"2025-06-27T13:43:56+00:00\",\"dateModified\":\"2025-12-01T11:57:13+00:00\",\"description\":\"Dacia Duster Extreme \u2013 robustan SUV za gradske i terenske uvjete. Moderan dizajn, napredna oprema i pouzdanost. Dostupan u AC Ovnak salonu.\",\"breadcrumb\":{\"@id\":\"https:\\\/\\\/acovnak.com\\\/index.php\\\/product\\\/dacia-duster-extreme-2\\\/#breadcrumb\"},\"inLanguage\":\"en-US\",\"potentialAction\":[{\"@type\":\"ReadAction\",\"target\":[\"https:\\\/\\\/acovnak.com\\\/index.php\\\/product\\\/dacia-duster-extreme-2\\\/\"]}]},{\"@type\":\"ImageObject\",\"inLanguage\":\"en-US\",\"@id\":\"https:\\\/\\\/acovnak.com\\\/index.php\\\/product\\\/dacia-duster-extreme-2\\\/#primaryimage\",\"url\":\"https:\\/\\/acovnak.com\\/wp-content\\/uploads\\/2025\\/06\\/SCHISTE_1_1200_900px-1.png\",\"contentUrl\":\"https:\\/\\/acovnak.com\\/wp-content\\/uploads\\/2025\\/06\\/SCHISTE_1_1200_900px-1.png\",\"width\":1200,\"height\":900},{\"@type\":\"BreadcrumbList\",\"@id\":\"https:\\\/\\\/acovnak.com\\\/index.php\\\/product\\\/dacia-duster-extreme-2\\\/#breadcrumb\",\"itemListElement\":[{\"@type\":\"ListItem\",\"position\":1,\"name\":\"Home\",\"item\":\"https:\\\/\\\/acovnak.com\\\/\"},{\"@type\":\"ListItem\",\"position\":2,\"name\":\"Products\",\"item\":\"https:\\\/\\\/acovnak.com\\\/index.php\\\/shop__trashed\\\/\"},{\"@type\":\"ListItem\",\"position\":3,\"name\":\"DACIA DUSTER EXTREME\"}]},{\"@type\":\"WebSite\",\"@id\":\"https:\\\/\\\/acovnak.com\\\/#website\",\"url\":\"https:\\\/\\\/acovnak.com\\\/\",\"name\":\"AC Ovnak\",\"description\":\"\",\"publisher\":{\"@id\":\"https:\\\/\\\/acovnak.com\\\/#organization\"},\"potentialAction\":[{\"@type\":\"SearchAction\",\"target\":{\"@type\":\"EntryPoint\",\"urlTemplate\":\"https:\\\/\\\/acovnak.com\\\/?s={search_term_string}\"},\"query-input\":{\"@type\":\"PropertyValueSpecification\",\"valueRequired\":true,\"valueName\":\"search_term_string\"}}],\"inLanguage\":\"en-US\"},{\"@type\":\"Organization\",\"@id\":\"https:\\\/\\\/acovnak.com\\\/#organization\",\"name\":\"AC Ovnak\",\"url\":\"https:\\\/\\\/acovnak.com\\\/\",\"logo\":{\"@type\":\"ImageObject\",\"inLanguage\":\"en-US\",\"@id\":\"https:\\\/\\\/acovnak.com\\\/#\\\/schema\\\/logo\\\/image\\\/\",\"url\":\"https:\\/\\/acovnak.com\\/wp-content\\/uploads\\/2025\\/06\\/Ovnak-auto-centar-crveni.png\",\"contentUrl\":\"https:\\/\\/acovnak.com\\/wp-content\\/uploads\\/2025\\/06\\/Ovnak-auto-centar-crveni.png\",\"width\":1726,\"height\":321,\"caption\":\"AC Ovnak\"},\"image\":{\"@id\":\"https:\\\/\\\/acovnak.com\\\/#\\\/schema\\\/logo\\\/image\\\/\"}}]}<\/script>\n<!-- \/ Yoast SEO plugin. -->","yoast_head_json":{"title":"Dacia Duster Extreme | Terenski SUV s karakterom | AC Ovnak","description":"Dacia Duster Extreme \u2013 robustan SUV za gradske i terenske uvjete. Moderan dizajn, napredna oprema i pouzdanost. Dostupan u AC Ovnak salonu.","robots":{"index":"index","follow":"follow","max-snippet":"max-snippet:-1","max-image-preview":"max-image-preview:large","max-video-preview":"max-video-preview:-1"},"canonical":"https:\/\/acovnak.com\/index.php\/product\/dacia-duster-extreme-2\/","og_locale":"en_US","og_type":"article","og_title":"Dacia Duster Extreme | Terenski SUV s karakterom | AC Ovnak","og_description":"Dacia Duster Extreme \u2013 robustan SUV za gradske i terenske uvjete. Moderan dizajn, napredna oprema i pouzdanost. Dostupan u AC Ovnak salonu.","og_url":"https:\/\/acovnak.com\/index.php\/product\/dacia-duster-extreme-2\/","og_site_name":"AC Ovnak","article_modified_time":"2025-12-01T11:57:13+00:00","og_image":[{"width":1200,"height":900,"url":"https:\/\/mlzqr9sz3jli.i.optimole.com\/cb:0gPR.28e\/w:auto\/h:auto\/q:mauto\/f:best\/https:\/\/acovnak.com\/wp-content\/uploads\/2025\/06\/SCHISTE_1_1200_900px-1.png","type":"image\/png"}],"twitter_card":"summary_large_image","twitter_misc":{"Est. reading time":"2 minutes"},"schema":{"@context":"https:\/\/schema.org","@graph":[{"@type":"WebPage","@id":"https:\/\/acovnak.com\/index.php\/product\/dacia-duster-extreme-2\/","url":"https:\/\/acovnak.com\/index.php\/product\/dacia-duster-extreme-2\/","name":"Dacia Duster Extreme | Terenski SUV s karakterom | AC Ovnak","isPartOf":{"@id":"https:\/\/acovnak.com\/#website"},"primaryImageOfPage":{"@id":"https:\/\/acovnak.com\/index.php\/product\/dacia-duster-extreme-2\/#primaryimage"},"image":{"@id":"https:\/\/acovnak.com\/index.php\/product\/dacia-duster-extreme-2\/#primaryimage"},"thumbnailUrl":"https:\/\/mlzqr9sz3jli.i.optimole.com\/cb:0gPR.28e\/w:auto\/h:auto\/q:mauto\/f:best\/https:\/\/acovnak.com\/wp-content\/uploads\/2025\/06\/SCHISTE_1_1200_900px-1.png","datePublished":"2025-06-27T13:43:56+00:00","dateModified":"2025-12-01T11:57:13+00:00","description":"Dacia Duster Extreme \u2013 robustan SUV za gradske i terenske uvjete. Moderan dizajn, napredna oprema i pouzdanost. Dostupan u AC Ovnak salonu.","breadcrumb":{"@id":"https:\/\/acovnak.com\/index.php\/product\/dacia-duster-extreme-2\/#breadcrumb"},"inLanguage":"en-US","potentialAction":[{"@type":"ReadAction","target":["https:\/\/acovnak.com\/index.php\/product\/dacia-duster-extreme-2\/"]}]},{"@type":"ImageObject","inLanguage":"en-US","@id":"https:\/\/acovnak.com\/index.php\/product\/dacia-duster-extreme-2\/#primaryimage","url":"https:\/\/mlzqr9sz3jli.i.optimole.com\/cb:0gPR.28e\/w:auto\/h:auto\/q:mauto\/f:best\/https:\/\/acovnak.com\/wp-content\/uploads\/2025\/06\/SCHISTE_1_1200_900px-1.png","contentUrl":"https:\/\/mlzqr9sz3jli.i.optimole.com\/cb:0gPR.28e\/w:auto\/h:auto\/q:mauto\/f:best\/https:\/\/acovnak.com\/wp-content\/uploads\/2025\/06\/SCHISTE_1_1200_900px-1.png","width":1200,"height":900},{"@type":"BreadcrumbList","@id":"https:\/\/acovnak.com\/index.php\/product\/dacia-duster-extreme-2\/#breadcrumb","itemListElement":[{"@type":"ListItem","position":1,"name":"Home","item":"https:\/\/acovnak.com\/"},{"@type":"ListItem","position":2,"name":"Products","item":"https:\/\/acovnak.com\/index.php\/shop__trashed\/"},{"@type":"ListItem","position":3,"name":"DACIA DUSTER EXTREME"}]},{"@type":"WebSite","@id":"https:\/\/acovnak.com\/#website","url":"https:\/\/acovnak.com\/","name":"AC Ovnak","description":"","publisher":{"@id":"https:\/\/acovnak.com\/#organization"},"potentialAction":[{"@type":"SearchAction","target":{"@type":"EntryPoint","urlTemplate":"https:\/\/acovnak.com\/?s={search_term_string}"},"query-input":{"@type":"PropertyValueSpecification","valueRequired":true,"valueName":"search_term_string"}}],"inLanguage":"en-US"},{"@type":"Organization","@id":"https:\/\/acovnak.com\/#organization","name":"AC Ovnak","url":"https:\/\/acovnak.com\/","logo":{"@type":"ImageObject","inLanguage":"en-US","@id":"https:\/\/acovnak.com\/#\/schema\/logo\/image\/","url":"https:\/\/mlzqr9sz3jli.i.optimole.com\/cb:0gPR.28e\/w:auto\/h:auto\/q:mauto\/f:best\/https:\/\/acovnak.com\/wp-content\/uploads\/2025\/06\/Ovnak-auto-centar-crveni.png","contentUrl":"https:\/\/mlzqr9sz3jli.i.optimole.com\/cb:0gPR.28e\/w:auto\/h:auto\/q:mauto\/f:best\/https:\/\/acovnak.com\/wp-content\/uploads\/2025\/06\/Ovnak-auto-centar-crveni.png","width":1726,"height":321,"caption":"AC Ovnak"},"image":{"@id":"https:\/\/acovnak.com\/#\/schema\/logo\/image\/"}}]}},"_links":{"self":[{"href":"https:\/\/acovnak.com\/index.php\/wp-json\/wp\/v2\/product\/1768","targetHints":{"allow":["GET"]}}],"collection":[{"href":"https:\/\/acovnak.com\/index.php\/wp-json\/wp\/v2\/product"}],"about":[{"href":"https:\/\/acovnak.com\/index.php\/wp-json\/wp\/v2\/types\/product"}],"replies":[{"embeddable":true,"href":"https:\/\/acovnak.com\/index.php\/wp-json\/wp\/v2\/comments?post=1768"}],"wp:featuredmedia":[{"embeddable":true,"href":"https:\/\/acovnak.com\/index.php\/wp-json\/wp\/v2\/media\/1769"}],"wp:attachment":[{"href":"https:\/\/acovnak.com\/index.php\/wp-json\/wp\/v2\/media?parent=1768"}],"wp:term":[{"taxonomy":"product_brand","embeddable":true,"href":"https:\/\/acovnak.com\/index.php\/wp-json\/wp\/v2\/product_brand?post=1768"},{"taxonomy":"product_cat","embeddable":true,"href":"https:\/\/acovnak.com\/index.php\/wp-json\/wp\/v2\/product_cat?post=1768"},{"taxonomy":"product_tag","embeddable":true,"href":"https:\/\/acovnak.com\/index.php\/wp-json\/wp\/v2\/product_tag?post=1768"}],"curies":[{"name":"wp","href":"https:\/\/api.w.org\/{rel}","templated":true}]}}