{"id":1401,"date":"2025-06-26T08:58:43","date_gmt":"2025-06-26T08:58:43","guid":{"rendered":"https:\/\/acovnak.com\/?post_type=product&#038;p=1401"},"modified":"2025-12-01T08:12:37","modified_gmt":"2025-12-01T08:12:37","slug":"peugeot-3008","status":"publish","type":"product","link":"https:\/\/acovnak.com\/index.php\/product\/peugeot-3008\/","title":{"rendered":"Peugeot 3008 ALLURE HYBRID"},"content":{"rendered":"<p><strong>Tehni\u010dki podaci<\/strong><\/p>\n<div class=\"table-wrapper\">Godina proizvodnje2025<\/p>\n<table>\n<tbody>\n<tr>\n<td valign=\"top\">Snaga motora<\/td>\n<td>100 kW \/ 136 KS<\/td>\n<\/tr>\n<tr>\n<td valign=\"top\"><span lang=\"en-US\">Pogonsko gorivo<\/span><\/td>\n<td>benzin<\/td>\n<\/tr>\n<tr>\n<td valign=\"top\"><span lang=\"sh-YU\">Dimenzije Dx\u0160xV<\/span><\/td>\n<td>4542 x 1934 x 1641 mm<\/td>\n<\/tr>\n<tr>\n<td valign=\"top\">Prosje\u010dna potro\u0161nja<\/td>\n<td>5,3 \u2013 6,3 L \/ 100 km<\/td>\n<\/tr>\n<tr>\n<td valign=\"top\">Euro standard<\/td>\n<td>Euro 6.4<\/td>\n<\/tr>\n<tr>\n<td valign=\"top\">Tip mjenja\u010da<\/td>\n<td>6-stupanjski automatski e-DCT6<\/td>\n<\/tr>\n<tr>\n<td valign=\"top\">Zapremina prtlja\u017enika<\/td>\n<td>520 L<\/td>\n<\/tr>\n<\/tbody>\n<\/table>\n<p><strong>Oprema<\/strong><\/p>\n<div class=\"table-wrapper\">\n<table>\n<tbody>\n<tr>\n<td valign=\"top\">Sigurnosni sustavi<\/td>\n<td>6 zra\u010dnih jastuka (prednji, bo\u010dni, zavjesasti \u2013 1. i 2. red), ESP s asistencijom pri kretanju uzbrdo, ISOFIX i Top Tether na zadnjim bo\u010dnim sjedalima, elektri\u010dna parkirna ko\u010dnica, sustav za nadzor pritiska u gumama<\/td>\n<\/tr>\n<tr>\n<td valign=\"top\">Napredni asistencijski sustavi<\/td>\n<td>AEBS3 \u2013 automatsko ko\u010denje s video kamerom i radarom, LKA \u2013 aktivno zadr\u017eavanje trake, prepoznavanje prometnih znakova i preporuka brzine, upozorenje na nepa\u017enju voza\u010da, tempomat i limiter brzine<\/td>\n<\/tr>\n<tr>\n<td valign=\"top\">Upravljanje i pristup<\/td>\n<td>Otklju\u010davanje i pokretanje bez klju\u010da (ADML), ko\u017eni volan s kontrolnim tipkama, podesiv po visini i dubini, automatski brisa\u010di s ki\u0161nim senzorom<\/td>\n<\/tr>\n<tr>\n<td valign=\"top\">Parkiranje i preglednost<\/td>\n<td>VisioPark 1 \u2013 HD kamera za vo\u017enju unazad, stra\u017enji parking senzori, unutra\u0161nji retrovizor sa samozatamnjivanjem, LED svjetla sprijeda i straga<\/td>\n<\/tr>\n<tr>\n<td valign=\"top\">Infotainment i povezivost<\/td>\n<td>DAB radio, Bluetooth, be\u017ei\u010dni Apple CarPlay \/ Android Auto, 6 zvu\u010dnika (2 visokotonca + 2 subwoofera sprijeda, 2 \u0161irokopojasna straga), 1x USB-C (podaci i punjenje) + 1x USB-C (punjenje), 2x 12V uti\u010dnice (sprijeda i u prtlja\u017eniku), navigacija + Peugeot Panoramic i-Cockpit\u00ae s 21&#8243; HD zakrivljenim ekranom<\/td>\n<\/tr>\n<tr>\n<td valign=\"top\">Dizajn i udobnost<\/td>\n<td>Grijanje prednjih sjedala, voza\u010devo i suvoza\u010devo sjedalo podesivo po visini preklopiva stra\u017enja klupa (40\/20\/40), dvozonska automatska klima, elektri\u010dno otvaranje prednjih i zadnjih prozora sa za\u0161titom od zaglavljivanja, LED osvjetljenje putni\u010dkog prostora i \u010ditanja, podesivo dno prtlja\u017enika (2 nivoa)<\/td>\n<\/tr>\n<\/tbody>\n<\/table>\n<p>&nbsp;<\/p>\n<\/div>\n<\/div>\n","protected":false},"excerpt":{"rendered":"<p>145 e-DCT6<\/p>\n","protected":false},"featured_media":1362,"comment_status":"closed","ping_status":"closed","template":"","meta":{"_acf_changed":false,"site-sidebar-layout":"right-sidebar","site-content-layout":"","ast-site-content-layout":"normal-width-container","site-content-style":"boxed","site-sidebar-style":"unboxed","ast-global-header-display":"","ast-banner-title-visibility":"","ast-main-header-display":"","ast-hfb-above-header-display":"","ast-hfb-below-header-display":"","ast-hfb-mobile-header-display":"","site-post-title":"","ast-breadcrumbs-content":"","ast-featured-img":"","footer-sml-layout":"","ast-disable-related-posts":"","theme-transparent-header-meta":"default","adv-header-id-meta":"","stick-header-meta":"","header-above-stick-meta":"","header-main-stick-meta":"","header-below-stick-meta":"","astra-migrate-meta-layouts":"set","ast-page-background-enabled":"default","ast-page-background-meta":{"desktop":{"background-color":"var(--ast-global-color-5)","background-image":"","background-repeat":"repeat","background-position":"center center","background-size":"auto","background-attachment":"scroll","background-type":"","background-media":"","overlay-type":"","overlay-color":"","overlay-opacity":"","overlay-gradient":""},"tablet":{"background-color":"","background-image":"","background-repeat":"repeat","background-position":"center center","background-size":"auto","background-attachment":"scroll","background-type":"","background-media":"","overlay-type":"","overlay-color":"","overlay-opacity":"","overlay-gradient":""},"mobile":{"background-color":"","background-image":"","background-repeat":"repeat","background-position":"center center","background-size":"auto","background-attachment":"scroll","background-type":"","background-media":"","overlay-type":"","overlay-color":"","overlay-opacity":"","overlay-gradient":""}},"ast-content-background-meta":{"desktop":{"background-color":"var(--ast-global-color-4)","background-image":"","background-repeat":"repeat","background-position":"center center","background-size":"auto","background-attachment":"scroll","background-type":"","background-media":"","overlay-type":"","overlay-color":"","overlay-opacity":"","overlay-gradient":""},"tablet":{"background-color":"var(--ast-global-color-4)","background-image":"","background-repeat":"repeat","background-position":"center center","background-size":"auto","background-attachment":"scroll","background-type":"","background-media":"","overlay-type":"","overlay-color":"","overlay-opacity":"","overlay-gradient":""},"mobile":{"background-color":"var(--ast-global-color-4)","background-image":"","background-repeat":"repeat","background-position":"center center","background-size":"auto","background-attachment":"scroll","background-type":"","background-media":"","overlay-type":"","overlay-color":"","overlay-opacity":"","overlay-gradient":""}}},"product_brand":[],"product_cat":[33],"product_tag":[],"class_list":{"0":"post-1401","1":"product","2":"type-product","3":"status-publish","4":"has-post-thumbnail","6":"product_cat-peugeot","7":"desktop-align-left","8":"tablet-align-left","9":"mobile-align-left","11":"first","12":"instock","13":"shipping-taxable","14":"purchasable","15":"product-type-simple"},"acf":[],"yoast_head":"<!-- This site is optimized with the Yoast SEO plugin v27.3 - https:\/\/yoast.com\/product\/yoast-seo-wordpress\/ -->\n<title>Peugeot 3008 \u2013 kompaktni SUV | AC Ovnak Vitez<\/title>\n<meta name=\"description\" content=\"Peugeot 3008 \u2013 luksuzni kompaktni SUV: 520\u202fL prtlja\u017enik (do 1.480\u202fL), 1.2\u202fPureTech 130\u202fKS ili 1.5\u202fBlueHDi 130\u202fKS, puna oprema i sigurnost.\" \/>\n<meta name=\"robots\" content=\"index, follow, max-snippet:-1, max-image-preview:large, max-video-preview:-1\" \/>\n<link rel=\"canonical\" href=\"https:\/\/acovnak.com\/index.php\/product\/peugeot-3008\/\" \/>\n<meta property=\"og:locale\" content=\"en_US\" \/>\n<meta property=\"og:type\" content=\"article\" \/>\n<meta property=\"og:title\" content=\"Peugeot 3008 \u2013 kompaktni SUV | AC Ovnak Vitez\" \/>\n<meta property=\"og:description\" content=\"Peugeot 3008 \u2013 luksuzni kompaktni SUV: 520\u202fL prtlja\u017enik (do 1.480\u202fL), 1.2\u202fPureTech 130\u202fKS ili 1.5\u202fBlueHDi 130\u202fKS, puna oprema i sigurnost.\" \/>\n<meta property=\"og:url\" content=\"https:\/\/acovnak.com\/index.php\/product\/peugeot-3008\/\" \/>\n<meta property=\"og:site_name\" content=\"AC Ovnak\" \/>\n<meta property=\"article:modified_time\" content=\"2025-12-01T08:12:37+00:00\" \/>\n<meta property=\"og:image\" content=\"https:\/\/mlzqr9sz3jli.i.optimole.com\/cb:0gPR.28e\/w:auto\/h:auto\/q:mauto\/f:best\/https:\/\/acovnak.com\/wp-content\/uploads\/2025\/06\/Slika-zaslona-2025-06-26-u-10.03.08-AM-e1750925053843.png\" \/>\n\t<meta property=\"og:image:width\" content=\"1386\" \/>\n\t<meta property=\"og:image:height\" content=\"840\" \/>\n\t<meta property=\"og:image:type\" content=\"image\/png\" \/>\n<meta name=\"twitter:card\" content=\"summary_large_image\" \/>\n<meta name=\"twitter:label1\" content=\"Est. reading time\" \/>\n\t<meta name=\"twitter:data1\" content=\"2 minutes\" \/>\n<script type=\"application\/ld+json\" class=\"yoast-schema-graph\">{\"@context\":\"https:\\\/\\\/schema.org\",\"@graph\":[{\"@type\":\"WebPage\",\"@id\":\"https:\\\/\\\/acovnak.com\\\/index.php\\\/product\\\/peugeot-3008\\\/\",\"url\":\"https:\\\/\\\/acovnak.com\\\/index.php\\\/product\\\/peugeot-3008\\\/\",\"name\":\"Peugeot 3008 \u2013 kompaktni SUV | AC Ovnak Vitez\",\"isPartOf\":{\"@id\":\"https:\\\/\\\/acovnak.com\\\/#website\"},\"primaryImageOfPage\":{\"@id\":\"https:\\\/\\\/acovnak.com\\\/index.php\\\/product\\\/peugeot-3008\\\/#primaryimage\"},\"image\":{\"@id\":\"https:\\\/\\\/acovnak.com\\\/index.php\\\/product\\\/peugeot-3008\\\/#primaryimage\"},\"thumbnailUrl\":\"https:\\/\\/acovnak.com\\/wp-content\\/uploads\\/2025\\/06\\/Slika-zaslona-2025-06-26-u-10.03.08-AM-e1750925053843.png\",\"datePublished\":\"2025-06-26T08:58:43+00:00\",\"dateModified\":\"2025-12-01T08:12:37+00:00\",\"description\":\"Peugeot 3008 \u2013 luksuzni kompaktni SUV: 520\u202fL prtlja\u017enik (do 1.480\u202fL), 1.2\u202fPureTech 130\u202fKS ili 1.5\u202fBlueHDi 130\u202fKS, puna oprema i sigurnost.\",\"breadcrumb\":{\"@id\":\"https:\\\/\\\/acovnak.com\\\/index.php\\\/product\\\/peugeot-3008\\\/#breadcrumb\"},\"inLanguage\":\"en-US\",\"potentialAction\":[{\"@type\":\"ReadAction\",\"target\":[\"https:\\\/\\\/acovnak.com\\\/index.php\\\/product\\\/peugeot-3008\\\/\"]}]},{\"@type\":\"ImageObject\",\"inLanguage\":\"en-US\",\"@id\":\"https:\\\/\\\/acovnak.com\\\/index.php\\\/product\\\/peugeot-3008\\\/#primaryimage\",\"url\":\"https:\\/\\/acovnak.com\\/wp-content\\/uploads\\/2025\\/06\\/Slika-zaslona-2025-06-26-u-10.03.08-AM-e1750925053843.png\",\"contentUrl\":\"https:\\/\\/acovnak.com\\/wp-content\\/uploads\\/2025\\/06\\/Slika-zaslona-2025-06-26-u-10.03.08-AM-e1750925053843.png\",\"width\":1386,\"height\":840},{\"@type\":\"BreadcrumbList\",\"@id\":\"https:\\\/\\\/acovnak.com\\\/index.php\\\/product\\\/peugeot-3008\\\/#breadcrumb\",\"itemListElement\":[{\"@type\":\"ListItem\",\"position\":1,\"name\":\"Home\",\"item\":\"https:\\\/\\\/acovnak.com\\\/\"},{\"@type\":\"ListItem\",\"position\":2,\"name\":\"Products\",\"item\":\"https:\\\/\\\/acovnak.com\\\/index.php\\\/shop__trashed\\\/\"},{\"@type\":\"ListItem\",\"position\":3,\"name\":\"Peugeot 3008 ALLURE HYBRID\"}]},{\"@type\":\"WebSite\",\"@id\":\"https:\\\/\\\/acovnak.com\\\/#website\",\"url\":\"https:\\\/\\\/acovnak.com\\\/\",\"name\":\"AC Ovnak\",\"description\":\"\",\"publisher\":{\"@id\":\"https:\\\/\\\/acovnak.com\\\/#organization\"},\"potentialAction\":[{\"@type\":\"SearchAction\",\"target\":{\"@type\":\"EntryPoint\",\"urlTemplate\":\"https:\\\/\\\/acovnak.com\\\/?s={search_term_string}\"},\"query-input\":{\"@type\":\"PropertyValueSpecification\",\"valueRequired\":true,\"valueName\":\"search_term_string\"}}],\"inLanguage\":\"en-US\"},{\"@type\":\"Organization\",\"@id\":\"https:\\\/\\\/acovnak.com\\\/#organization\",\"name\":\"AC Ovnak\",\"url\":\"https:\\\/\\\/acovnak.com\\\/\",\"logo\":{\"@type\":\"ImageObject\",\"inLanguage\":\"en-US\",\"@id\":\"https:\\\/\\\/acovnak.com\\\/#\\\/schema\\\/logo\\\/image\\\/\",\"url\":\"https:\\/\\/acovnak.com\\/wp-content\\/uploads\\/2025\\/06\\/Ovnak-auto-centar-crveni.png\",\"contentUrl\":\"https:\\/\\/acovnak.com\\/wp-content\\/uploads\\/2025\\/06\\/Ovnak-auto-centar-crveni.png\",\"width\":1726,\"height\":321,\"caption\":\"AC Ovnak\"},\"image\":{\"@id\":\"https:\\\/\\\/acovnak.com\\\/#\\\/schema\\\/logo\\\/image\\\/\"}}]}<\/script>\n<!-- \/ Yoast SEO plugin. -->","yoast_head_json":{"title":"Peugeot 3008 \u2013 kompaktni SUV | AC Ovnak Vitez","description":"Peugeot 3008 \u2013 luksuzni kompaktni SUV: 520\u202fL prtlja\u017enik (do 1.480\u202fL), 1.2\u202fPureTech 130\u202fKS ili 1.5\u202fBlueHDi 130\u202fKS, puna oprema i sigurnost.","robots":{"index":"index","follow":"follow","max-snippet":"max-snippet:-1","max-image-preview":"max-image-preview:large","max-video-preview":"max-video-preview:-1"},"canonical":"https:\/\/acovnak.com\/index.php\/product\/peugeot-3008\/","og_locale":"en_US","og_type":"article","og_title":"Peugeot 3008 \u2013 kompaktni SUV | AC Ovnak Vitez","og_description":"Peugeot 3008 \u2013 luksuzni kompaktni SUV: 520\u202fL prtlja\u017enik (do 1.480\u202fL), 1.2\u202fPureTech 130\u202fKS ili 1.5\u202fBlueHDi 130\u202fKS, puna oprema i sigurnost.","og_url":"https:\/\/acovnak.com\/index.php\/product\/peugeot-3008\/","og_site_name":"AC Ovnak","article_modified_time":"2025-12-01T08:12:37+00:00","og_image":[{"width":1386,"height":840,"url":"https:\/\/mlzqr9sz3jli.i.optimole.com\/cb:0gPR.28e\/w:auto\/h:auto\/q:mauto\/f:best\/https:\/\/acovnak.com\/wp-content\/uploads\/2025\/06\/Slika-zaslona-2025-06-26-u-10.03.08-AM-e1750925053843.png","type":"image\/png"}],"twitter_card":"summary_large_image","twitter_misc":{"Est. reading time":"2 minutes"},"schema":{"@context":"https:\/\/schema.org","@graph":[{"@type":"WebPage","@id":"https:\/\/acovnak.com\/index.php\/product\/peugeot-3008\/","url":"https:\/\/acovnak.com\/index.php\/product\/peugeot-3008\/","name":"Peugeot 3008 \u2013 kompaktni SUV | AC Ovnak Vitez","isPartOf":{"@id":"https:\/\/acovnak.com\/#website"},"primaryImageOfPage":{"@id":"https:\/\/acovnak.com\/index.php\/product\/peugeot-3008\/#primaryimage"},"image":{"@id":"https:\/\/acovnak.com\/index.php\/product\/peugeot-3008\/#primaryimage"},"thumbnailUrl":"https:\/\/mlzqr9sz3jli.i.optimole.com\/cb:0gPR.28e\/w:auto\/h:auto\/q:mauto\/f:best\/https:\/\/acovnak.com\/wp-content\/uploads\/2025\/06\/Slika-zaslona-2025-06-26-u-10.03.08-AM-e1750925053843.png","datePublished":"2025-06-26T08:58:43+00:00","dateModified":"2025-12-01T08:12:37+00:00","description":"Peugeot 3008 \u2013 luksuzni kompaktni SUV: 520\u202fL prtlja\u017enik (do 1.480\u202fL), 1.2\u202fPureTech 130\u202fKS ili 1.5\u202fBlueHDi 130\u202fKS, puna oprema i sigurnost.","breadcrumb":{"@id":"https:\/\/acovnak.com\/index.php\/product\/peugeot-3008\/#breadcrumb"},"inLanguage":"en-US","potentialAction":[{"@type":"ReadAction","target":["https:\/\/acovnak.com\/index.php\/product\/peugeot-3008\/"]}]},{"@type":"ImageObject","inLanguage":"en-US","@id":"https:\/\/acovnak.com\/index.php\/product\/peugeot-3008\/#primaryimage","url":"https:\/\/mlzqr9sz3jli.i.optimole.com\/cb:0gPR.28e\/w:auto\/h:auto\/q:mauto\/f:best\/https:\/\/acovnak.com\/wp-content\/uploads\/2025\/06\/Slika-zaslona-2025-06-26-u-10.03.08-AM-e1750925053843.png","contentUrl":"https:\/\/mlzqr9sz3jli.i.optimole.com\/cb:0gPR.28e\/w:auto\/h:auto\/q:mauto\/f:best\/https:\/\/acovnak.com\/wp-content\/uploads\/2025\/06\/Slika-zaslona-2025-06-26-u-10.03.08-AM-e1750925053843.png","width":1386,"height":840},{"@type":"BreadcrumbList","@id":"https:\/\/acovnak.com\/index.php\/product\/peugeot-3008\/#breadcrumb","itemListElement":[{"@type":"ListItem","position":1,"name":"Home","item":"https:\/\/acovnak.com\/"},{"@type":"ListItem","position":2,"name":"Products","item":"https:\/\/acovnak.com\/index.php\/shop__trashed\/"},{"@type":"ListItem","position":3,"name":"Peugeot 3008 ALLURE HYBRID"}]},{"@type":"WebSite","@id":"https:\/\/acovnak.com\/#website","url":"https:\/\/acovnak.com\/","name":"AC Ovnak","description":"","publisher":{"@id":"https:\/\/acovnak.com\/#organization"},"potentialAction":[{"@type":"SearchAction","target":{"@type":"EntryPoint","urlTemplate":"https:\/\/acovnak.com\/?s={search_term_string}"},"query-input":{"@type":"PropertyValueSpecification","valueRequired":true,"valueName":"search_term_string"}}],"inLanguage":"en-US"},{"@type":"Organization","@id":"https:\/\/acovnak.com\/#organization","name":"AC Ovnak","url":"https:\/\/acovnak.com\/","logo":{"@type":"ImageObject","inLanguage":"en-US","@id":"https:\/\/acovnak.com\/#\/schema\/logo\/image\/","url":"https:\/\/mlzqr9sz3jli.i.optimole.com\/cb:0gPR.28e\/w:auto\/h:auto\/q:mauto\/f:best\/https:\/\/acovnak.com\/wp-content\/uploads\/2025\/06\/Ovnak-auto-centar-crveni.png","contentUrl":"https:\/\/mlzqr9sz3jli.i.optimole.com\/cb:0gPR.28e\/w:auto\/h:auto\/q:mauto\/f:best\/https:\/\/acovnak.com\/wp-content\/uploads\/2025\/06\/Ovnak-auto-centar-crveni.png","width":1726,"height":321,"caption":"AC Ovnak"},"image":{"@id":"https:\/\/acovnak.com\/#\/schema\/logo\/image\/"}}]}},"_links":{"self":[{"href":"https:\/\/acovnak.com\/index.php\/wp-json\/wp\/v2\/product\/1401","targetHints":{"allow":["GET"]}}],"collection":[{"href":"https:\/\/acovnak.com\/index.php\/wp-json\/wp\/v2\/product"}],"about":[{"href":"https:\/\/acovnak.com\/index.php\/wp-json\/wp\/v2\/types\/product"}],"replies":[{"embeddable":true,"href":"https:\/\/acovnak.com\/index.php\/wp-json\/wp\/v2\/comments?post=1401"}],"wp:featuredmedia":[{"embeddable":true,"href":"https:\/\/acovnak.com\/index.php\/wp-json\/wp\/v2\/media\/1362"}],"wp:attachment":[{"href":"https:\/\/acovnak.com\/index.php\/wp-json\/wp\/v2\/media?parent=1401"}],"wp:term":[{"taxonomy":"product_brand","embeddable":true,"href":"https:\/\/acovnak.com\/index.php\/wp-json\/wp\/v2\/product_brand?post=1401"},{"taxonomy":"product_cat","embeddable":true,"href":"https:\/\/acovnak.com\/index.php\/wp-json\/wp\/v2\/product_cat?post=1401"},{"taxonomy":"product_tag","embeddable":true,"href":"https:\/\/acovnak.com\/index.php\/wp-json\/wp\/v2\/product_tag?post=1401"}],"curies":[{"name":"wp","href":"https:\/\/api.w.org\/{rel}","templated":true}]}}