{"id":72,"date":"2025-06-05T12:37:10","date_gmt":"2025-06-05T12:37:10","guid":{"rendered":"https:\/\/acovnak.com\/?page_id=72"},"modified":"2025-07-08T12:51:55","modified_gmt":"2025-07-08T12:51:55","slug":"o-yto-grupi","status":"publish","type":"page","link":"https:\/\/acovnak.com\/index.php\/o-yto-grupi\/","title":{"rendered":"o yto grupi"},"content":{"rendered":"\t\t<div data-elementor-type=\"wp-page\" data-elementor-id=\"72\" class=\"elementor elementor-72\" data-elementor-post-type=\"page\">\n\t\t\t\t<div class=\"elementor-element elementor-element-526c303 e-flex e-con-boxed e-con e-parent\" data-id=\"526c303\" data-element_type=\"container\" data-e-type=\"container\" data-settings=\"{&quot;background_background&quot;:&quot;classic&quot;}\">\n\t\t\t\t\t<div class=\"e-con-inner\">\n\t\t\t\t\t<\/div>\n\t\t\t\t<\/div>\n\t\t<div class=\"elementor-element elementor-element-51ea594 e-flex e-con-boxed e-con e-parent\" data-id=\"51ea594\" data-element_type=\"container\" data-e-type=\"container\">\n\t\t\t\t\t<div class=\"e-con-inner\">\n\t\t<div class=\"elementor-element elementor-element-b5f62eb e-con-full e-flex e-con e-child\" data-id=\"b5f62eb\" data-element_type=\"container\" data-e-type=\"container\" data-settings=\"{&quot;background_background&quot;:&quot;classic&quot;}\">\n\t\t<div class=\"elementor-element elementor-element-9679d8d e-con-full e-flex e-con e-child\" data-id=\"9679d8d\" data-element_type=\"container\" data-e-type=\"container\">\n\t\t\t\t<div class=\"elementor-element elementor-element-33e786c elementor-widget elementor-widget-elementskit-heading\" data-id=\"33e786c\" data-element_type=\"widget\" data-e-type=\"widget\" data-widget_type=\"elementskit-heading.default\">\n\t\t\t\t\t<div class=\"ekit-wid-con\" ><div class=\"ekit-heading elementskit-section-title-wraper text_left   ekit_heading_tablet-   ekit_heading_mobile-\"><h3 class=\"elementskit-section-subtitle  \">\n\t\t\t\t\t\tme\u0111unarodni certifikati\n\t\t\t\t\t<\/h3><h2 class=\"ekit-heading--title elementskit-section-title \">YTO traktori<\/h2>\t\t\t\t<div class='ekit-heading__description'>\n\t\t\t\t\t<p>YTO, veliki je i dugogodi\u0161nji proizvo\u0111a\u010d poljoprivrednih strojeva u Kini. Proizvodi poljoprivredne strojeve u skladu s me\u0111unarodnim standardima i certificiran je prema ISO 9001, ISO 14001 i OHSAS 18001.<\/p>\n\t\t\t\t<\/div>\n\t\t\t<\/div><\/div>\t\t\t\t<\/div>\n\t\t\t\t<\/div>\n\t\t<div class=\"elementor-element elementor-element-cb06f44 e-con-full e-flex e-con e-child\" data-id=\"cb06f44\" data-element_type=\"container\" data-e-type=\"container\" data-settings=\"{&quot;background_background&quot;:&quot;classic&quot;}\">\n\t\t\t\t<div class=\"elementor-element elementor-element-b151a6f elementor-widget elementor-widget-image\" data-id=\"b151a6f\" data-element_type=\"widget\" data-e-type=\"widget\" data-widget_type=\"image.default\">\n\t\t\t\t\t\t\t\t\t\t\t\t\t\t\t<img data-opt-id=795375997  fetchpriority=\"high\" decoding=\"async\" width=\"1024\" height=\"550\" src=\"https:\/\/mlzqr9sz3jli.i.optimole.com\/cb:0gPR.28e\/w:1024\/h:550\/q:mauto\/f:best\/https:\/\/acovnak.com\/wp-content\/uploads\/2025\/06\/Logo-YTO.jpg\" class=\"attachment-large size-large wp-image-1105\" alt=\"\" srcset=\"https:\/\/mlzqr9sz3jli.i.optimole.com\/cb:0gPR.28e\/w:1024\/h:550\/q:mauto\/f:best\/https:\/\/acovnak.com\/wp-content\/uploads\/2025\/06\/Logo-YTO.jpg 1024w, https:\/\/mlzqr9sz3jli.i.optimole.com\/cb:0gPR.28e\/w:300\/h:161\/q:mauto\/f:best\/https:\/\/acovnak.com\/wp-content\/uploads\/2025\/06\/Logo-YTO.jpg 300w, https:\/\/mlzqr9sz3jli.i.optimole.com\/cb:0gPR.28e\/w:768\/h:413\/q:mauto\/f:best\/https:\/\/acovnak.com\/wp-content\/uploads\/2025\/06\/Logo-YTO.jpg 768w, https:\/\/mlzqr9sz3jli.i.optimole.com\/cb:0gPR.28e\/w:1536\/h:825\/q:mauto\/f:best\/https:\/\/acovnak.com\/wp-content\/uploads\/2025\/06\/Logo-YTO.jpg 1536w, https:\/\/mlzqr9sz3jli.i.optimole.com\/cb:0gPR.28e\/w:600\/h:322\/q:mauto\/f:best\/https:\/\/acovnak.com\/wp-content\/uploads\/2025\/06\/Logo-YTO.jpg 600w, https:\/\/mlzqr9sz3jli.i.optimole.com\/cb:0gPR.28e\/w:1562\/h:839\/q:mauto\/f:best\/https:\/\/acovnak.com\/wp-content\/uploads\/2025\/06\/Logo-YTO.jpg 1562w\" sizes=\"(max-width: 1000px) 100vw, 1000px\" \/>\t\t\t\t\t\t\t\t\t\t\t\t\t\t\t<\/div>\n\t\t\t\t<\/div>\n\t\t\t\t<\/div>\n\t\t\t\t\t<\/div>\n\t\t\t\t<\/div>\n\t\t<div class=\"elementor-element elementor-element-23a3341 elementor-hidden-desktop e-flex e-con-boxed e-con e-parent\" data-id=\"23a3341\" data-element_type=\"container\" data-e-type=\"container\" data-settings=\"{&quot;background_background&quot;:&quot;classic&quot;}\">\n\t\t\t\t\t<div class=\"e-con-inner\">\n\t\t\t\t<div class=\"elementor-element elementor-element-450ed71 elementor-widget elementor-widget-spacer\" data-id=\"450ed71\" data-element_type=\"widget\" data-e-type=\"widget\" data-widget_type=\"spacer.default\">\n\t\t\t\t\t\t\t<div class=\"elementor-spacer\">\n\t\t\t<div class=\"elementor-spacer-inner\"><\/div>\n\t\t<\/div>\n\t\t\t\t\t\t<\/div>\n\t\t\t\t\t<\/div>\n\t\t\t\t<\/div>\n\t\t<div class=\"elementor-element elementor-element-bed7d9d e-flex e-con-boxed e-con e-parent\" data-id=\"bed7d9d\" data-element_type=\"container\" data-e-type=\"container\" data-settings=\"{&quot;background_background&quot;:&quot;classic&quot;}\">\n\t\t\t\t\t<div class=\"e-con-inner\">\n\t\t\t\t\t<\/div>\n\t\t\t\t<\/div>\n\t\t<div class=\"elementor-element elementor-element-9d50f9a e-flex e-con-boxed e-con e-parent\" data-id=\"9d50f9a\" data-element_type=\"container\" data-e-type=\"container\" data-settings=\"{&quot;background_background&quot;:&quot;classic&quot;}\">\n\t\t\t\t\t<div class=\"e-con-inner\">\n\t\t<div class=\"elementor-element elementor-element-8bc0755 e-con-full e-flex e-con e-child\" data-id=\"8bc0755\" data-element_type=\"container\" data-e-type=\"container\">\n\t\t<div class=\"elementor-element elementor-element-407b1f0 e-con-full e-flex e-con e-child\" data-id=\"407b1f0\" data-element_type=\"container\" data-e-type=\"container\">\n\t\t\t\t<div class=\"elementor-element elementor-element-b630652 elementor-widget elementor-widget-icon-box\" data-id=\"b630652\" data-element_type=\"widget\" data-e-type=\"widget\" data-widget_type=\"icon-box.default\">\n\t\t\t\t\t\t\t<div class=\"elementor-icon-box-wrapper\">\n\n\t\t\t\n\t\t\t\t\t\t<div class=\"elementor-icon-box-content\">\n\n\t\t\t\t\t\t\t\t\t<h3 class=\"elementor-icon-box-title\">\n\t\t\t\t\t\t<span  >\n\t\t\t\t\t\t\tVode\u0107i kineski brend\t\t\t\t\t\t<\/span>\n\t\t\t\t\t<\/h3>\n\t\t\t\t\n\t\t\t\t\t\t\t\t\t<p class=\"elementor-icon-box-description\">\n\t\t\t\t\t\tSa svojim kvalitetnim proizvodima, YTO je nagra\u0111en kao vode\u0107i kineski brand\nkontrole kvalitete. YTO International Co., Ltd. je me\u0111unarodna trgova\u010dka tvrtka kojoj je Ministarstvo trgovine dodijelilo pravo samoupravnog uvoza i izvoza.\nPonosan na gotovo stotinu proizvodnih linija, YTO ima sna\u017ene proizvodne kapacitete kovanja, obrade, monta\u017ee i testiranja. Specijaliziran je za Dongfanghong seriju traktora gusjeni\u010dara, traktora na kota\u010dima, dizelskih motora, opreme za \u017eetvu i poljoprivrednih strojeva. Globalna servisna mre\u017ea pru\u017ea sna\u017ene usluge i podr\u0161ku stranim klijentima. Zahvaljuju\u0107i kontinuiranom razvoju strojeva i pribora te stru\u010dnom servisnom timu, YTO je ostvario dugoro\u010dni izvozni uspjeh sa stabilnim obujmom prodaje.\t\t\t\t\t<\/p>\n\t\t\t\t\n\t\t\t<\/div>\n\t\t\t\n\t\t<\/div>\n\t\t\t\t\t\t<\/div>\n\t\t\t\t<\/div>\n\t\t\t\t<\/div>\n\t\t\t\t\t<\/div>\n\t\t\t\t<\/div>\n\t\t<div class=\"elementor-element elementor-element-144776d e-flex e-con-boxed e-con e-parent\" data-id=\"144776d\" data-element_type=\"container\" data-e-type=\"container\" data-settings=\"{&quot;background_background&quot;:&quot;classic&quot;}\">\n\t\t\t\t\t<div class=\"e-con-inner\">\n\t\t<div class=\"elementor-element elementor-element-3a7c540 e-con-full e-flex e-con e-child\" data-id=\"3a7c540\" data-element_type=\"container\" data-e-type=\"container\">\n\t\t<div class=\"elementor-element elementor-element-8a9cfdc e-con-full e-flex e-con e-child\" data-id=\"8a9cfdc\" data-element_type=\"container\" data-e-type=\"container\">\n\t\t\t\t<div class=\"elementor-element elementor-element-4717492 elementor-widget__width-initial elementor-widget-mobile__width-initial elementor-widget elementor-widget-image\" data-id=\"4717492\" data-element_type=\"widget\" data-e-type=\"widget\" data-widget_type=\"image.default\">\n\t\t\t\t\t\t\t\t\t\t\t\t\t\t\t<img data-opt-id=1866187666  fetchpriority=\"high\" decoding=\"async\" width=\"1024\" height=\"585\" src=\"https:\/\/mlzqr9sz3jli.i.optimole.com\/cb:0gPR.28e\/w:1024\/h:585\/q:mauto\/f:best\/https:\/\/acovnak.com\/wp-content\/uploads\/2025\/06\/OLX_green_logo.svg.png\" class=\"attachment-large size-large wp-image-1563\" alt=\"\" srcset=\"https:\/\/mlzqr9sz3jli.i.optimole.com\/cb:0gPR.28e\/w:1024\/h:585\/q:mauto\/f:best\/https:\/\/acovnak.com\/wp-content\/uploads\/2025\/06\/OLX_green_logo.svg.png 1024w, https:\/\/mlzqr9sz3jli.i.optimole.com\/cb:0gPR.28e\/w:300\/h:172\/q:mauto\/f:best\/https:\/\/acovnak.com\/wp-content\/uploads\/2025\/06\/OLX_green_logo.svg.png 300w, https:\/\/mlzqr9sz3jli.i.optimole.com\/cb:0gPR.28e\/w:768\/h:439\/q:mauto\/f:best\/https:\/\/acovnak.com\/wp-content\/uploads\/2025\/06\/OLX_green_logo.svg.png 768w, https:\/\/mlzqr9sz3jli.i.optimole.com\/cb:0gPR.28e\/w:600\/h:343\/q:mauto\/f:best\/https:\/\/acovnak.com\/wp-content\/uploads\/2025\/06\/OLX_green_logo.svg.png 600w, https:\/\/mlzqr9sz3jli.i.optimole.com\/cb:0gPR.28e\/w:1200\/h:686\/q:mauto\/f:best\/https:\/\/acovnak.com\/wp-content\/uploads\/2025\/06\/OLX_green_logo.svg.png 1200w\" sizes=\"(max-width: 1000px) 100vw, 1000px\" \/>\t\t\t\t\t\t\t\t\t\t\t\t\t\t\t<\/div>\n\t\t\t\t<div class=\"elementor-element elementor-element-a0a50ea elementor-widget elementor-widget-icon-box\" data-id=\"a0a50ea\" data-element_type=\"widget\" data-e-type=\"widget\" data-widget_type=\"icon-box.default\">\n\t\t\t\t\t\t\t<div class=\"elementor-icon-box-wrapper\">\n\n\t\t\t\n\t\t\t\t\t\t<div class=\"elementor-icon-box-content\">\n\n\t\t\t\t\t\t\t\t\t<h3 class=\"elementor-icon-box-title\">\n\t\t\t\t\t\t<span  >\n\t\t\t\t\t\t\tacovnak.olx.ba\t\t\t\t\t\t<\/span>\n\t\t\t\t\t<\/h3>\n\t\t\t\t\n\t\t\t\t\t\t\t\t\t<p class=\"elementor-icon-box-description\">\n\t\t\t\t\t\tPosjetite na\u0161 profil na OLX-u i budite u toku s najnovijim ponudama!\t\t\t\t\t<\/p>\n\t\t\t\t\n\t\t\t<\/div>\n\t\t\t\n\t\t<\/div>\n\t\t\t\t\t\t<\/div>\n\t\t\t\t<div class=\"elementor-element elementor-element-adc0bad elementor-widget elementor-widget-button\" data-id=\"adc0bad\" data-element_type=\"widget\" data-e-type=\"widget\" data-widget_type=\"button.default\">\n\t\t\t\t\t\t\t\t\t\t<a class=\"elementor-button elementor-button-link elementor-size-sm\" href=\"https:\/\/acovnak.olx.ba\/aktivni\">\n\t\t\t\t\t\t<span class=\"elementor-button-content-wrapper\">\n\t\t\t\t\t\t<span class=\"elementor-button-icon\">\n\t\t\t\t<i aria-hidden=\"true\" class=\"icon icon-right-arrow\"><\/i>\t\t\t<\/span>\n\t\t\t\t\t\t\t\t\t<span class=\"elementor-button-text\">Idi na OLX<\/span>\n\t\t\t\t\t<\/span>\n\t\t\t\t\t<\/a>\n\t\t\t\t\t\t\t\t<\/div>\n\t\t\t\t<\/div>\n\t\t<div class=\"elementor-element elementor-element-123ab32 e-con-full e-flex e-con e-child\" data-id=\"123ab32\" data-element_type=\"container\" data-e-type=\"container\">\n\t\t\t\t<div class=\"elementor-element elementor-element-5550a15 elementor-widget__width-initial elementor-absolute elementor-widget elementor-widget-image\" data-id=\"5550a15\" data-element_type=\"widget\" data-e-type=\"widget\" data-settings=\"{&quot;_position&quot;:&quot;absolute&quot;}\" data-widget_type=\"image.default\">\n\t\t\t\t\t\t\t\t\t\t\t\t\t\t\t<img data-opt-id=1764733844  data-opt-src=\"https:\/\/mlzqr9sz3jli.i.optimole.com\/cb:0gPR.28e\/w:791\/h:1024\/q:mauto\/f:best\/https:\/\/acovnak.com\/wp-content\/uploads\/2025\/06\/acovnak.olx_.ba-3.png\"  decoding=\"async\" width=\"791\" height=\"1024\" src=\"data:image/svg+xml,%3Csvg%20viewBox%3D%220%200%20791%201024%22%20width%3D%22791%22%20height%3D%221024%22%20xmlns%3D%22http%3A%2F%2Fwww.w3.org%2F2000%2Fsvg%22%3E%3Crect%20width%3D%22791%22%20height%3D%221024%22%20fill%3D%22transparent%22%2F%3E%3C%2Fsvg%3E\" class=\"attachment-large size-large wp-image-1564\" alt=\"\" old-srcset=\"https:\/\/mlzqr9sz3jli.i.optimole.com\/cb:0gPR.28e\/w:791\/h:1024\/q:mauto\/f:best\/https:\/\/acovnak.com\/wp-content\/uploads\/2025\/06\/acovnak.olx_.ba-3-scaled.png 791w, https:\/\/mlzqr9sz3jli.i.optimole.com\/cb:0gPR.28e\/w:232\/h:300\/q:mauto\/f:best\/https:\/\/acovnak.com\/wp-content\/uploads\/2025\/06\/acovnak.olx_.ba-3-scaled.png 232w, https:\/\/mlzqr9sz3jli.i.optimole.com\/cb:0gPR.28e\/w:768\/h:994\/q:mauto\/f:best\/https:\/\/acovnak.com\/wp-content\/uploads\/2025\/06\/acovnak.olx_.ba-3-scaled.png 768w, https:\/\/mlzqr9sz3jli.i.optimole.com\/cb:0gPR.28e\/w:1187\/h:1536\/q:mauto\/f:best\/https:\/\/acovnak.com\/wp-content\/uploads\/2025\/06\/acovnak.olx_.ba-3-scaled.png 1187w, https:\/\/mlzqr9sz3jli.i.optimole.com\/cb:0gPR.28e\/w:1583\/h:2048\/q:mauto\/f:best\/https:\/\/acovnak.com\/wp-content\/uploads\/2025\/06\/acovnak.olx_.ba-3-scaled.png 1583w, https:\/\/mlzqr9sz3jli.i.optimole.com\/cb:0gPR.28e\/w:600\/h:776\/q:mauto\/f:best\/https:\/\/acovnak.com\/wp-content\/uploads\/2025\/06\/acovnak.olx_.ba-3-scaled.png 600w, https:\/\/mlzqr9sz3jli.i.optimole.com\/cb:0gPR.28e\/w:1920\/h:2484\/q:mauto\/f:best\/https:\/\/acovnak.com\/wp-content\/uploads\/2025\/06\/acovnak.olx_.ba-3-scaled.png 1978w\" \/>\t\t\t\t\t\t\t\t\t\t\t\t\t\t\t<\/div>\n\t\t\t\t<\/div>\n\t\t\t\t<\/div>\n\t\t\t\t\t<\/div>\n\t\t\t\t<\/div>\n\t\t\t\t<\/div>\n\t\t","protected":false},"excerpt":{"rendered":"<p>me\u0111unarodni certifikati YTO traktori YTO, veliki je i dugogodi\u0161nji proizvo\u0111a\u010d poljoprivrednih strojeva u Kini. Proizvodi poljoprivredne strojeve u skladu s [&hellip;]<\/p>\n","protected":false},"author":1,"featured_media":2258,"parent":0,"menu_order":0,"comment_status":"closed","ping_status":"closed","template":"","meta":{"_acf_changed":false,"site-sidebar-layout":"no-sidebar","site-content-layout":"","ast-site-content-layout":"full-width-container","site-content-style":"default","site-sidebar-style":"default","ast-global-header-display":"","ast-banner-title-visibility":"","ast-main-header-display":"","ast-hfb-above-header-display":"","ast-hfb-below-header-display":"","ast-hfb-mobile-header-display":"","site-post-title":"disabled","ast-breadcrumbs-content":"","ast-featured-img":"disabled","footer-sml-layout":"","ast-disable-related-posts":"","theme-transparent-header-meta":"","adv-header-id-meta":"","stick-header-meta":"","header-above-stick-meta":"","header-main-stick-meta":"","header-below-stick-meta":"","astra-migrate-meta-layouts":"default","ast-page-background-enabled":"default","ast-page-background-meta":{"desktop":{"background-color":"var(--ast-global-color-5)","background-image":"","background-repeat":"repeat","background-position":"center center","background-size":"auto","background-attachment":"scroll","background-type":"","background-media":"","overlay-type":"","overlay-color":"","overlay-opacity":"","overlay-gradient":""},"tablet":{"background-color":"","background-image":"","background-repeat":"repeat","background-position":"center center","background-size":"auto","background-attachment":"scroll","background-type":"","background-media":"","overlay-type":"","overlay-color":"","overlay-opacity":"","overlay-gradient":""},"mobile":{"background-color":"","background-image":"","background-repeat":"repeat","background-position":"center center","background-size":"auto","background-attachment":"scroll","background-type":"","background-media":"","overlay-type":"","overlay-color":"","overlay-opacity":"","overlay-gradient":""}},"ast-content-background-meta":{"desktop":{"background-color":"var(--ast-global-color-4)","background-image":"","background-repeat":"repeat","background-position":"center center","background-size":"auto","background-attachment":"scroll","background-type":"","background-media":"","overlay-type":"","overlay-color":"","overlay-opacity":"","overlay-gradient":""},"tablet":{"background-color":"var(--ast-global-color-4)","background-image":"","background-repeat":"repeat","background-position":"center center","background-size":"auto","background-attachment":"scroll","background-type":"","background-media":"","overlay-type":"","overlay-color":"","overlay-opacity":"","overlay-gradient":""},"mobile":{"background-color":"var(--ast-global-color-4)","background-image":"","background-repeat":"repeat","background-position":"center center","background-size":"auto","background-attachment":"scroll","background-type":"","background-media":"","overlay-type":"","overlay-color":"","overlay-opacity":"","overlay-gradient":""}},"footnotes":""},"class_list":["post-72","page","type-page","status-publish","has-post-thumbnail","hentry"],"acf":[],"yoast_head":"<!-- This site is optimized with the Yoast SEO plugin v27.3 - https:\/\/yoast.com\/product\/yoast-seo-wordpress\/ -->\n<title>O YTO Grupi \u2013 AC Ovnak | Ovla\u0161teni distributer<\/title>\n<meta name=\"description\" content=\"YTO Grupa u partnerstvu s AC Ovnakom \u2013 pouzdani distribucijski kanali za traktore i poljoprivrednu mehanizaciju.\" \/>\n<meta name=\"robots\" content=\"index, follow, max-snippet:-1, max-image-preview:large, max-video-preview:-1\" \/>\n<link rel=\"canonical\" href=\"https:\/\/acovnak.com\/index.php\/o-yto-grupi\/\" \/>\n<meta property=\"og:locale\" content=\"en_US\" \/>\n<meta property=\"og:type\" content=\"article\" \/>\n<meta property=\"og:title\" content=\"O YTO Grupi \u2013 AC Ovnak | Ovla\u0161teni distributer\" \/>\n<meta property=\"og:description\" content=\"YTO Grupa u partnerstvu s AC Ovnakom \u2013 pouzdani distribucijski kanali za traktore i poljoprivrednu mehanizaciju.\" \/>\n<meta property=\"og:url\" content=\"https:\/\/acovnak.com\/index.php\/o-yto-grupi\/\" \/>\n<meta property=\"og:site_name\" content=\"AC Ovnak\" \/>\n<meta property=\"article:modified_time\" content=\"2025-07-08T12:51:55+00:00\" \/>\n<meta property=\"og:image\" content=\"https:\/\/mlzqr9sz3jli.i.optimole.com\/cb:0gPR.28e\/w:auto\/h:auto\/q:mauto\/f:best\/https:\/\/acovnak.com\/wp-content\/uploads\/2025\/06\/YTO-NLX-854-1.jpg\" \/>\n\t<meta property=\"og:image:width\" content=\"800\" \/>\n\t<meta property=\"og:image:height\" content=\"533\" \/>\n\t<meta property=\"og:image:type\" content=\"image\/jpeg\" \/>\n<meta name=\"twitter:card\" content=\"summary_large_image\" \/>\n<meta name=\"twitter:label1\" content=\"Est. reading time\" \/>\n\t<meta name=\"twitter:data1\" content=\"2 minutes\" \/>\n<script type=\"application\/ld+json\" class=\"yoast-schema-graph\">{\"@context\":\"https:\\\/\\\/schema.org\",\"@graph\":[{\"@type\":\"WebPage\",\"@id\":\"https:\\\/\\\/acovnak.com\\\/index.php\\\/o-yto-grupi\\\/\",\"url\":\"https:\\\/\\\/acovnak.com\\\/index.php\\\/o-yto-grupi\\\/\",\"name\":\"O YTO Grupi \u2013 AC Ovnak | Ovla\u0161teni distributer\",\"isPartOf\":{\"@id\":\"https:\\\/\\\/acovnak.com\\\/#website\"},\"primaryImageOfPage\":{\"@id\":\"https:\\\/\\\/acovnak.com\\\/index.php\\\/o-yto-grupi\\\/#primaryimage\"},\"image\":{\"@id\":\"https:\\\/\\\/acovnak.com\\\/index.php\\\/o-yto-grupi\\\/#primaryimage\"},\"thumbnailUrl\":\"https:\\/\\/acovnak.com\\/wp-content\\/uploads\\/2025\\/06\\/YTO-NLX-854-1.jpg\",\"datePublished\":\"2025-06-05T12:37:10+00:00\",\"dateModified\":\"2025-07-08T12:51:55+00:00\",\"description\":\"YTO Grupa u partnerstvu s AC Ovnakom \u2013 pouzdani distribucijski kanali za traktore i poljoprivrednu mehanizaciju.\",\"breadcrumb\":{\"@id\":\"https:\\\/\\\/acovnak.com\\\/index.php\\\/o-yto-grupi\\\/#breadcrumb\"},\"inLanguage\":\"en-US\",\"potentialAction\":[{\"@type\":\"ReadAction\",\"target\":[\"https:\\\/\\\/acovnak.com\\\/index.php\\\/o-yto-grupi\\\/\"]}]},{\"@type\":\"ImageObject\",\"inLanguage\":\"en-US\",\"@id\":\"https:\\\/\\\/acovnak.com\\\/index.php\\\/o-yto-grupi\\\/#primaryimage\",\"url\":\"https:\\/\\/acovnak.com\\/wp-content\\/uploads\\/2025\\/06\\/YTO-NLX-854-1.jpg\",\"contentUrl\":\"https:\\/\\/acovnak.com\\/wp-content\\/uploads\\/2025\\/06\\/YTO-NLX-854-1.jpg\",\"width\":800,\"height\":533},{\"@type\":\"BreadcrumbList\",\"@id\":\"https:\\\/\\\/acovnak.com\\\/index.php\\\/o-yto-grupi\\\/#breadcrumb\",\"itemListElement\":[{\"@type\":\"ListItem\",\"position\":1,\"name\":\"Home\",\"item\":\"https:\\\/\\\/acovnak.com\\\/\"},{\"@type\":\"ListItem\",\"position\":2,\"name\":\"o yto grupi\"}]},{\"@type\":\"WebSite\",\"@id\":\"https:\\\/\\\/acovnak.com\\\/#website\",\"url\":\"https:\\\/\\\/acovnak.com\\\/\",\"name\":\"AC Ovnak\",\"description\":\"\",\"publisher\":{\"@id\":\"https:\\\/\\\/acovnak.com\\\/#organization\"},\"potentialAction\":[{\"@type\":\"SearchAction\",\"target\":{\"@type\":\"EntryPoint\",\"urlTemplate\":\"https:\\\/\\\/acovnak.com\\\/?s={search_term_string}\"},\"query-input\":{\"@type\":\"PropertyValueSpecification\",\"valueRequired\":true,\"valueName\":\"search_term_string\"}}],\"inLanguage\":\"en-US\"},{\"@type\":\"Organization\",\"@id\":\"https:\\\/\\\/acovnak.com\\\/#organization\",\"name\":\"AC Ovnak\",\"url\":\"https:\\\/\\\/acovnak.com\\\/\",\"logo\":{\"@type\":\"ImageObject\",\"inLanguage\":\"en-US\",\"@id\":\"https:\\\/\\\/acovnak.com\\\/#\\\/schema\\\/logo\\\/image\\\/\",\"url\":\"https:\\/\\/acovnak.com\\/wp-content\\/uploads\\/2025\\/06\\/Ovnak-auto-centar-crveni.png\",\"contentUrl\":\"https:\\/\\/acovnak.com\\/wp-content\\/uploads\\/2025\\/06\\/Ovnak-auto-centar-crveni.png\",\"width\":1726,\"height\":321,\"caption\":\"AC Ovnak\"},\"image\":{\"@id\":\"https:\\\/\\\/acovnak.com\\\/#\\\/schema\\\/logo\\\/image\\\/\"}}]}<\/script>\n<!-- \/ Yoast SEO plugin. -->","yoast_head_json":{"title":"O YTO Grupi \u2013 AC Ovnak | Ovla\u0161teni distributer","description":"YTO Grupa u partnerstvu s AC Ovnakom \u2013 pouzdani distribucijski kanali za traktore i poljoprivrednu mehanizaciju.","robots":{"index":"index","follow":"follow","max-snippet":"max-snippet:-1","max-image-preview":"max-image-preview:large","max-video-preview":"max-video-preview:-1"},"canonical":"https:\/\/acovnak.com\/index.php\/o-yto-grupi\/","og_locale":"en_US","og_type":"article","og_title":"O YTO Grupi \u2013 AC Ovnak | Ovla\u0161teni distributer","og_description":"YTO Grupa u partnerstvu s AC Ovnakom \u2013 pouzdani distribucijski kanali za traktore i poljoprivrednu mehanizaciju.","og_url":"https:\/\/acovnak.com\/index.php\/o-yto-grupi\/","og_site_name":"AC Ovnak","article_modified_time":"2025-07-08T12:51:55+00:00","og_image":[{"width":800,"height":533,"url":"https:\/\/mlzqr9sz3jli.i.optimole.com\/cb:0gPR.28e\/w:auto\/h:auto\/q:mauto\/f:best\/https:\/\/acovnak.com\/wp-content\/uploads\/2025\/06\/YTO-NLX-854-1.jpg","type":"image\/jpeg"}],"twitter_card":"summary_large_image","twitter_misc":{"Est. reading time":"2 minutes"},"schema":{"@context":"https:\/\/schema.org","@graph":[{"@type":"WebPage","@id":"https:\/\/acovnak.com\/index.php\/o-yto-grupi\/","url":"https:\/\/acovnak.com\/index.php\/o-yto-grupi\/","name":"O YTO Grupi \u2013 AC Ovnak | Ovla\u0161teni distributer","isPartOf":{"@id":"https:\/\/acovnak.com\/#website"},"primaryImageOfPage":{"@id":"https:\/\/acovnak.com\/index.php\/o-yto-grupi\/#primaryimage"},"image":{"@id":"https:\/\/acovnak.com\/index.php\/o-yto-grupi\/#primaryimage"},"thumbnailUrl":"https:\/\/mlzqr9sz3jli.i.optimole.com\/cb:0gPR.28e\/w:auto\/h:auto\/q:mauto\/f:best\/https:\/\/acovnak.com\/wp-content\/uploads\/2025\/06\/YTO-NLX-854-1.jpg","datePublished":"2025-06-05T12:37:10+00:00","dateModified":"2025-07-08T12:51:55+00:00","description":"YTO Grupa u partnerstvu s AC Ovnakom \u2013 pouzdani distribucijski kanali za traktore i poljoprivrednu mehanizaciju.","breadcrumb":{"@id":"https:\/\/acovnak.com\/index.php\/o-yto-grupi\/#breadcrumb"},"inLanguage":"en-US","potentialAction":[{"@type":"ReadAction","target":["https:\/\/acovnak.com\/index.php\/o-yto-grupi\/"]}]},{"@type":"ImageObject","inLanguage":"en-US","@id":"https:\/\/acovnak.com\/index.php\/o-yto-grupi\/#primaryimage","url":"https:\/\/mlzqr9sz3jli.i.optimole.com\/cb:0gPR.28e\/w:auto\/h:auto\/q:mauto\/f:best\/https:\/\/acovnak.com\/wp-content\/uploads\/2025\/06\/YTO-NLX-854-1.jpg","contentUrl":"https:\/\/mlzqr9sz3jli.i.optimole.com\/cb:0gPR.28e\/w:auto\/h:auto\/q:mauto\/f:best\/https:\/\/acovnak.com\/wp-content\/uploads\/2025\/06\/YTO-NLX-854-1.jpg","width":800,"height":533},{"@type":"BreadcrumbList","@id":"https:\/\/acovnak.com\/index.php\/o-yto-grupi\/#breadcrumb","itemListElement":[{"@type":"ListItem","position":1,"name":"Home","item":"https:\/\/acovnak.com\/"},{"@type":"ListItem","position":2,"name":"o yto grupi"}]},{"@type":"WebSite","@id":"https:\/\/acovnak.com\/#website","url":"https:\/\/acovnak.com\/","name":"AC Ovnak","description":"","publisher":{"@id":"https:\/\/acovnak.com\/#organization"},"potentialAction":[{"@type":"SearchAction","target":{"@type":"EntryPoint","urlTemplate":"https:\/\/acovnak.com\/?s={search_term_string}"},"query-input":{"@type":"PropertyValueSpecification","valueRequired":true,"valueName":"search_term_string"}}],"inLanguage":"en-US"},{"@type":"Organization","@id":"https:\/\/acovnak.com\/#organization","name":"AC Ovnak","url":"https:\/\/acovnak.com\/","logo":{"@type":"ImageObject","inLanguage":"en-US","@id":"https:\/\/acovnak.com\/#\/schema\/logo\/image\/","url":"https:\/\/mlzqr9sz3jli.i.optimole.com\/cb:0gPR.28e\/w:auto\/h:auto\/q:mauto\/f:best\/https:\/\/acovnak.com\/wp-content\/uploads\/2025\/06\/Ovnak-auto-centar-crveni.png","contentUrl":"https:\/\/mlzqr9sz3jli.i.optimole.com\/cb:0gPR.28e\/w:auto\/h:auto\/q:mauto\/f:best\/https:\/\/acovnak.com\/wp-content\/uploads\/2025\/06\/Ovnak-auto-centar-crveni.png","width":1726,"height":321,"caption":"AC Ovnak"},"image":{"@id":"https:\/\/acovnak.com\/#\/schema\/logo\/image\/"}}]}},"_links":{"self":[{"href":"https:\/\/acovnak.com\/index.php\/wp-json\/wp\/v2\/pages\/72","targetHints":{"allow":["GET"]}}],"collection":[{"href":"https:\/\/acovnak.com\/index.php\/wp-json\/wp\/v2\/pages"}],"about":[{"href":"https:\/\/acovnak.com\/index.php\/wp-json\/wp\/v2\/types\/page"}],"author":[{"embeddable":true,"href":"https:\/\/acovnak.com\/index.php\/wp-json\/wp\/v2\/users\/1"}],"replies":[{"embeddable":true,"href":"https:\/\/acovnak.com\/index.php\/wp-json\/wp\/v2\/comments?post=72"}],"version-history":[{"count":7,"href":"https:\/\/acovnak.com\/index.php\/wp-json\/wp\/v2\/pages\/72\/revisions"}],"predecessor-version":[{"id":2389,"href":"https:\/\/acovnak.com\/index.php\/wp-json\/wp\/v2\/pages\/72\/revisions\/2389"}],"wp:featuredmedia":[{"embeddable":true,"href":"https:\/\/acovnak.com\/index.php\/wp-json\/wp\/v2\/media\/2258"}],"wp:attachment":[{"href":"https:\/\/acovnak.com\/index.php\/wp-json\/wp\/v2\/media?parent=72"}],"curies":[{"name":"wp","href":"https:\/\/api.w.org\/{rel}","templated":true}]}}